{"id":9631,"date":"2019-11-22T12:19:27","date_gmt":"2019-11-22T11:19:27","guid":{"rendered":"https:\/\/neu.zealguitars.de\/?post_type=product&#038;p=9631"},"modified":"2019-11-22T12:19:27","modified_gmt":"2019-11-22T11:19:27","slug":"hydra-lowrider-bass","status":"publish","type":"product","link":"https:\/\/zeal-guitars.de\/en\/produkt\/hydra-lowrider-bass\/","title":{"rendered":"Hydra Lowrider Bass"},"content":{"rendered":"","protected":false},"excerpt":{"rendered":"<h3><\/h3>\n<h3>Tiefer gelegt<\/h3>\n<p>Die Evolution eines klassischen Designs. Eine Symbiose aus Hightech und Handarbeit, Vintage und Modern. Das Schaller Tremolo und die Locking Tuner sorgen f\u00fcr perfekte Stimmstabilit\u00e4t, auch bei heftigstem Tremolo Einsatz. Das H\u00e4ussel Single-Coil Set liefert sch\u00f6ne crispe und definierte ST Sounds par excellence. Wunschfarbe und Lackierung sind optional.<\/p>\n<h3>Specs<\/h3>\n<p><strong>Body:<\/strong> Red Alder 1pc<br \/>\n<strong>Neck<\/strong>: Maple<br \/>\n<strong>Fretboard<\/strong>: Maple, 650mm Scale, 22 Frets<br \/>\n<strong>Pickups<\/strong>: H\u00e4ussel TE Set<br \/>\n<strong>Electronic<\/strong>: 3-Way Switch; Mastervolume; Tone<br \/>\n<strong>Hardware<\/strong>: Chrome; Schaller Locking Tuners; ABM Tailpiece<br \/>\n<strong>Construction<\/strong>: Bolt-On<br \/>\n<strong>Finish<\/strong>: Natural Highgloss<br \/>\n<strong>Special<\/strong>: Custom Design for and with Felix Sch\u00fcler<\/p>\n<p>&nbsp;<\/p>\n","protected":false},"featured_media":9649,"template":"","meta":{"_acf_changed":false},"product_brand":[],"product_cat":[34],"product_tag":[],"class_list":{"0":"post-9631","1":"product","2":"type-product","3":"status-publish","4":"has-post-thumbnail","6":"product_cat-hydra","8":"first","9":"instock","10":"taxable","11":"shipping-taxable","12":"product-type-simple"},"acf":[],"yoast_head":"<!-- This site is optimized with the Yoast SEO plugin v27.5 - https:\/\/yoast.com\/product\/yoast-seo-wordpress\/ -->\n<title>Hydra Lowrider Bass - Zeal Guitars<\/title>\n<meta name=\"robots\" content=\"index, follow, max-snippet:-1, max-image-preview:large, max-video-preview:-1\" \/>\n<link rel=\"canonical\" href=\"https:\/\/zeal-guitars.de\/en\/produkt\/hydra-lowrider-bass\/\" \/>\n<meta property=\"og:locale\" content=\"en_US\" \/>\n<meta property=\"og:type\" content=\"article\" \/>\n<meta property=\"og:title\" content=\"Hydra Lowrider Bass - Zeal Guitars\" \/>\n<meta property=\"og:description\" content=\"Tiefer gelegt Die Evolution eines klassischen Designs. Eine Symbiose aus Hightech und Handarbeit, Vintage und Modern. Das Schaller Tremolo und die Locking Tuner sorgen f\u00fcr perfekte Stimmstabilit\u00e4t, auch bei heftigstem Tremolo Einsatz. Das H\u00e4ussel Single-Coil Set liefert sch\u00f6ne crispe und definierte ST Sounds par excellence. Wunschfarbe und Lackierung sind optional. Specs Body: Red Alder 1pc Neck: Maple Fretboard: Maple, 650mm Scale, 22 Frets Pickups: H\u00e4ussel TE Set Electronic: 3-Way Switch; Mastervolume; Tone Hardware: Chrome; Schaller Locking Tuners; ABM Tailpiece Construction: Bolt-On Finish: Natural Highgloss Special: Custom Design for and with Felix Sch\u00fcler  &nbsp;\" \/>\n<meta property=\"og:url\" content=\"https:\/\/zeal-guitars.de\/en\/produkt\/hydra-lowrider-bass\/\" \/>\n<meta property=\"og:site_name\" content=\"Zeal Guitars\" \/>\n<meta property=\"article:publisher\" content=\"https:\/\/www.facebook.com\/zealguitars\" \/>\n<meta property=\"og:image\" content=\"https:\/\/zeal-guitars.de\/wp-content\/uploads\/2019\/11\/Hydra_Bass_9.jpg\" \/>\n\t<meta property=\"og:image:width\" content=\"920\" \/>\n\t<meta property=\"og:image:height\" content=\"613\" \/>\n\t<meta property=\"og:image:type\" content=\"image\/jpeg\" \/>\n<meta name=\"twitter:card\" content=\"summary_large_image\" \/>\n<script type=\"application\/ld+json\" class=\"yoast-schema-graph\">{\"@context\":\"https:\\\/\\\/schema.org\",\"@graph\":[{\"@type\":\"WebPage\",\"@id\":\"https:\\\/\\\/zeal-guitars.de\\\/en\\\/produkt\\\/hydra-lowrider-bass\\\/\",\"url\":\"https:\\\/\\\/zeal-guitars.de\\\/en\\\/produkt\\\/hydra-lowrider-bass\\\/\",\"name\":\"Hydra Lowrider Bass - Zeal Guitars\",\"isPartOf\":{\"@id\":\"https:\\\/\\\/zeal-guitars.de\\\/en\\\/#website\"},\"primaryImageOfPage\":{\"@id\":\"https:\\\/\\\/zeal-guitars.de\\\/en\\\/produkt\\\/hydra-lowrider-bass\\\/#primaryimage\"},\"image\":{\"@id\":\"https:\\\/\\\/zeal-guitars.de\\\/en\\\/produkt\\\/hydra-lowrider-bass\\\/#primaryimage\"},\"thumbnailUrl\":\"https:\\\/\\\/i0.wp.com\\\/zeal-guitars.de\\\/wp-content\\\/uploads\\\/2019\\\/11\\\/Hydra_Bass_9.jpg?fit=920%2C613&ssl=1\",\"datePublished\":\"2019-11-22T11:19:27+00:00\",\"breadcrumb\":{\"@id\":\"https:\\\/\\\/zeal-guitars.de\\\/en\\\/produkt\\\/hydra-lowrider-bass\\\/#breadcrumb\"},\"inLanguage\":\"en-US\",\"potentialAction\":[{\"@type\":\"ReadAction\",\"target\":[\"https:\\\/\\\/zeal-guitars.de\\\/en\\\/produkt\\\/hydra-lowrider-bass\\\/\"]}]},{\"@type\":\"ImageObject\",\"inLanguage\":\"en-US\",\"@id\":\"https:\\\/\\\/zeal-guitars.de\\\/en\\\/produkt\\\/hydra-lowrider-bass\\\/#primaryimage\",\"url\":\"https:\\\/\\\/i0.wp.com\\\/zeal-guitars.de\\\/wp-content\\\/uploads\\\/2019\\\/11\\\/Hydra_Bass_9.jpg?fit=920%2C613&ssl=1\",\"contentUrl\":\"https:\\\/\\\/i0.wp.com\\\/zeal-guitars.de\\\/wp-content\\\/uploads\\\/2019\\\/11\\\/Hydra_Bass_9.jpg?fit=920%2C613&ssl=1\",\"width\":920,\"height\":613,\"caption\":\"Hydra Bass\"},{\"@type\":\"BreadcrumbList\",\"@id\":\"https:\\\/\\\/zeal-guitars.de\\\/en\\\/produkt\\\/hydra-lowrider-bass\\\/#breadcrumb\",\"itemListElement\":[{\"@type\":\"ListItem\",\"position\":1,\"name\":\"Startseite\",\"item\":\"https:\\\/\\\/zeal-guitars.de\\\/en\\\/\"},{\"@type\":\"ListItem\",\"position\":2,\"name\":\"Shop\",\"item\":\"https:\\\/\\\/zeal-guitars.de\\\/shop\\\/\"},{\"@type\":\"ListItem\",\"position\":3,\"name\":\"Hydra Lowrider Bass\"}]},{\"@type\":\"WebSite\",\"@id\":\"https:\\\/\\\/zeal-guitars.de\\\/en\\\/#website\",\"url\":\"https:\\\/\\\/zeal-guitars.de\\\/en\\\/\",\"name\":\"Zeal Guitars\",\"description\":\"Gitarrenbau und Reparatur \\\/\\\/ Custom guitars\",\"publisher\":{\"@id\":\"https:\\\/\\\/zeal-guitars.de\\\/en\\\/#organization\"},\"potentialAction\":[{\"@type\":\"SearchAction\",\"target\":{\"@type\":\"EntryPoint\",\"urlTemplate\":\"https:\\\/\\\/zeal-guitars.de\\\/en\\\/?s={search_term_string}\"},\"query-input\":{\"@type\":\"PropertyValueSpecification\",\"valueRequired\":true,\"valueName\":\"search_term_string\"}}],\"inLanguage\":\"en-US\"},{\"@type\":\"Organization\",\"@id\":\"https:\\\/\\\/zeal-guitars.de\\\/en\\\/#organization\",\"name\":\"Zeal Guitars\",\"url\":\"https:\\\/\\\/zeal-guitars.de\\\/en\\\/\",\"logo\":{\"@type\":\"ImageObject\",\"inLanguage\":\"en-US\",\"@id\":\"https:\\\/\\\/zeal-guitars.de\\\/en\\\/#\\\/schema\\\/logo\\\/image\\\/\",\"url\":\"https:\\\/\\\/zeal-guitars.de\\\/wp-content\\\/uploads\\\/2019\\\/11\\\/zeal_logo.png\",\"contentUrl\":\"https:\\\/\\\/zeal-guitars.de\\\/wp-content\\\/uploads\\\/2019\\\/11\\\/zeal_logo.png\",\"width\":567,\"height\":290,\"caption\":\"Zeal Guitars\"},\"image\":{\"@id\":\"https:\\\/\\\/zeal-guitars.de\\\/en\\\/#\\\/schema\\\/logo\\\/image\\\/\"},\"sameAs\":[\"https:\\\/\\\/www.facebook.com\\\/zealguitars\",\"https:\\\/\\\/www.instagram.com\\\/zeal_guitars\\\/\"]}]}<\/script>\n<!-- \/ Yoast SEO plugin. -->","yoast_head_json":{"title":"Hydra Lowrider Bass - Zeal Guitars","robots":{"index":"index","follow":"follow","max-snippet":"max-snippet:-1","max-image-preview":"max-image-preview:large","max-video-preview":"max-video-preview:-1"},"canonical":"https:\/\/zeal-guitars.de\/en\/produkt\/hydra-lowrider-bass\/","og_locale":"en_US","og_type":"article","og_title":"Hydra Lowrider Bass - Zeal Guitars","og_description":"Tiefer gelegt Die Evolution eines klassischen Designs. Eine Symbiose aus Hightech und Handarbeit, Vintage und Modern. Das Schaller Tremolo und die Locking Tuner sorgen f\u00fcr perfekte Stimmstabilit\u00e4t, auch bei heftigstem Tremolo Einsatz. Das H\u00e4ussel Single-Coil Set liefert sch\u00f6ne crispe und definierte ST Sounds par excellence. Wunschfarbe und Lackierung sind optional. Specs Body: Red Alder 1pc Neck: Maple Fretboard: Maple, 650mm Scale, 22 Frets Pickups: H\u00e4ussel TE Set Electronic: 3-Way Switch; Mastervolume; Tone Hardware: Chrome; Schaller Locking Tuners; ABM Tailpiece Construction: Bolt-On Finish: Natural Highgloss Special: Custom Design for and with Felix Sch\u00fcler  &nbsp;","og_url":"https:\/\/zeal-guitars.de\/en\/produkt\/hydra-lowrider-bass\/","og_site_name":"Zeal Guitars","article_publisher":"https:\/\/www.facebook.com\/zealguitars","og_image":[{"width":920,"height":613,"url":"https:\/\/zeal-guitars.de\/wp-content\/uploads\/2019\/11\/Hydra_Bass_9.jpg","type":"image\/jpeg"}],"twitter_card":"summary_large_image","schema":{"@context":"https:\/\/schema.org","@graph":[{"@type":"WebPage","@id":"https:\/\/zeal-guitars.de\/en\/produkt\/hydra-lowrider-bass\/","url":"https:\/\/zeal-guitars.de\/en\/produkt\/hydra-lowrider-bass\/","name":"Hydra Lowrider Bass - Zeal Guitars","isPartOf":{"@id":"https:\/\/zeal-guitars.de\/en\/#website"},"primaryImageOfPage":{"@id":"https:\/\/zeal-guitars.de\/en\/produkt\/hydra-lowrider-bass\/#primaryimage"},"image":{"@id":"https:\/\/zeal-guitars.de\/en\/produkt\/hydra-lowrider-bass\/#primaryimage"},"thumbnailUrl":"https:\/\/i0.wp.com\/zeal-guitars.de\/wp-content\/uploads\/2019\/11\/Hydra_Bass_9.jpg?fit=920%2C613&ssl=1","datePublished":"2019-11-22T11:19:27+00:00","breadcrumb":{"@id":"https:\/\/zeal-guitars.de\/en\/produkt\/hydra-lowrider-bass\/#breadcrumb"},"inLanguage":"en-US","potentialAction":[{"@type":"ReadAction","target":["https:\/\/zeal-guitars.de\/en\/produkt\/hydra-lowrider-bass\/"]}]},{"@type":"ImageObject","inLanguage":"en-US","@id":"https:\/\/zeal-guitars.de\/en\/produkt\/hydra-lowrider-bass\/#primaryimage","url":"https:\/\/i0.wp.com\/zeal-guitars.de\/wp-content\/uploads\/2019\/11\/Hydra_Bass_9.jpg?fit=920%2C613&ssl=1","contentUrl":"https:\/\/i0.wp.com\/zeal-guitars.de\/wp-content\/uploads\/2019\/11\/Hydra_Bass_9.jpg?fit=920%2C613&ssl=1","width":920,"height":613,"caption":"Hydra Bass"},{"@type":"BreadcrumbList","@id":"https:\/\/zeal-guitars.de\/en\/produkt\/hydra-lowrider-bass\/#breadcrumb","itemListElement":[{"@type":"ListItem","position":1,"name":"Startseite","item":"https:\/\/zeal-guitars.de\/en\/"},{"@type":"ListItem","position":2,"name":"Shop","item":"https:\/\/zeal-guitars.de\/shop\/"},{"@type":"ListItem","position":3,"name":"Hydra Lowrider Bass"}]},{"@type":"WebSite","@id":"https:\/\/zeal-guitars.de\/en\/#website","url":"https:\/\/zeal-guitars.de\/en\/","name":"Zeal Guitars","description":"Gitarrenbau und Reparatur \/\/ Custom guitars","publisher":{"@id":"https:\/\/zeal-guitars.de\/en\/#organization"},"potentialAction":[{"@type":"SearchAction","target":{"@type":"EntryPoint","urlTemplate":"https:\/\/zeal-guitars.de\/en\/?s={search_term_string}"},"query-input":{"@type":"PropertyValueSpecification","valueRequired":true,"valueName":"search_term_string"}}],"inLanguage":"en-US"},{"@type":"Organization","@id":"https:\/\/zeal-guitars.de\/en\/#organization","name":"Zeal Guitars","url":"https:\/\/zeal-guitars.de\/en\/","logo":{"@type":"ImageObject","inLanguage":"en-US","@id":"https:\/\/zeal-guitars.de\/en\/#\/schema\/logo\/image\/","url":"https:\/\/zeal-guitars.de\/wp-content\/uploads\/2019\/11\/zeal_logo.png","contentUrl":"https:\/\/zeal-guitars.de\/wp-content\/uploads\/2019\/11\/zeal_logo.png","width":567,"height":290,"caption":"Zeal Guitars"},"image":{"@id":"https:\/\/zeal-guitars.de\/en\/#\/schema\/logo\/image\/"},"sameAs":["https:\/\/www.facebook.com\/zealguitars","https:\/\/www.instagram.com\/zeal_guitars\/"]}]}},"jetpack_sharing_enabled":true,"_links":{"self":[{"href":"https:\/\/zeal-guitars.de\/en\/wp-json\/wp\/v2\/product\/9631","targetHints":{"allow":["GET"]}}],"collection":[{"href":"https:\/\/zeal-guitars.de\/en\/wp-json\/wp\/v2\/product"}],"about":[{"href":"https:\/\/zeal-guitars.de\/en\/wp-json\/wp\/v2\/types\/product"}],"wp:featuredmedia":[{"embeddable":true,"href":"https:\/\/zeal-guitars.de\/en\/wp-json\/wp\/v2\/media\/9649"}],"wp:attachment":[{"href":"https:\/\/zeal-guitars.de\/en\/wp-json\/wp\/v2\/media?parent=9631"}],"wp:term":[{"taxonomy":"product_brand","embeddable":true,"href":"https:\/\/zeal-guitars.de\/en\/wp-json\/wp\/v2\/product_brand?post=9631"},{"taxonomy":"product_cat","embeddable":true,"href":"https:\/\/zeal-guitars.de\/en\/wp-json\/wp\/v2\/product_cat?post=9631"},{"taxonomy":"product_tag","embeddable":true,"href":"https:\/\/zeal-guitars.de\/en\/wp-json\/wp\/v2\/product_tag?post=9631"}],"curies":[{"name":"wp","href":"https:\/\/api.w.org\/{rel}","templated":true}]}}