{"id":9357,"date":"2019-10-28T10:44:49","date_gmt":"2019-10-28T09:44:49","guid":{"rendered":"https:\/\/neu.zealguitars.de\/produkt\/brasstop-deluxe\/"},"modified":"2019-11-18T17:41:20","modified_gmt":"2019-11-18T16:41:20","slug":"brasstop-deluxe","status":"publish","type":"product","link":"https:\/\/zeal-guitars.de\/en\/produkt\/brasstop-deluxe\/","title":{"rendered":"Brasstop Deluxe"},"content":{"rendered":"<section class=\"l-section wpb_row height_auto\"><div class=\"l-section-h i-cf\"><div class=\"g-cols vc_row via_flex valign_top type_default stacking_default\"><div class=\"vc_col-sm-12 wpb_column vc_column_container\"><div class=\"vc_column-inner\"><div class=\"wpb_wrapper\"><div class=\"wpb_text_column\"><div class=\"wpb_wrapper\"><h3>The REAL Goldtop<\/h3>\n<p>The REAL Goldtop<br \/>\nEine Beschichtung aus echtem Goldmessing macht die Cupido zu einer \u201ewahren\u201c Goldtop! Messing erh\u00e4lt im Laufe der Jahre eine sehr lebendige Patina, \u00e4hnlich wie eine alte Trompete oder Saxophon. Das Vintage Flair ist vorprogrammiert \u2013 ein wenig Metallpolitur l\u00e4sst sie aber wieder erstrahlen wenn gew\u00fcnscht. Mahagonie Body und Maple Top sorgen f\u00fcr endloses Sustain, singende Obert\u00f6ne und einen harmonisch-warmen Sound.<\/p>\n<\/div><\/div><div class=\"w-separator size_huge\"><\/div><div class=\"wpb_text_column\"><div class=\"wpb_wrapper\"><h3>Specs<\/h3>\n<p><strong>Body<\/strong>: Mahogany<br \/>\n<strong>Top<\/strong>: Maple<br \/>\n<strong>Neck<\/strong>: Mahogany, Walnut and Maple Stripes<br \/>\n<strong>Fretboard<\/strong>: Cocobolo, 635mm Scale, 24 Frets<br \/>\n<strong>Pickups<\/strong>: H\u00e4ussel Vintage N+B, Chrome Frames<br \/>\n<strong>Electronic<\/strong>: 5-Way Megaswitch (P); Mastervolume; Tone<br \/>\n<strong>Hardware<\/strong>: Nickel; Schaller\u00ae M6 Tuners; Schaller\u00ae GTM Tune-O-Matic Bridge; Schaller\u00ae Strap Locks<br \/>\n<strong>Construction<\/strong>: Bolt-On<br \/>\n<strong>Finish<\/strong>: Polished Solid Brass Coating<\/p>\n<\/div><\/div><\/div><\/div><\/div><\/div><\/div><\/section>\n","protected":false},"excerpt":{"rendered":"The REAL Goldtop The REAL Goldtop Eine Beschichtung aus echtem Goldmessing macht die Cupido zu einer \u201ewahren\u201c Goldtop! Messing erh\u00e4lt im Laufe der Jahre eine sehr lebendige Patina, \u00e4hnlich wie eine alte Trompete oder Saxophon. Das Vintage Flair ist vorprogrammiert \u2013 ein wenig Metallpolitur l\u00e4sst sie aber wieder erstrahlen wenn gew\u00fcnscht. Mahagonie Body und Maple...","protected":false},"featured_media":8814,"template":"","meta":{"_acf_changed":false},"product_brand":[],"product_cat":[53],"product_tag":[],"class_list":{"0":"post-9357","1":"product","2":"type-product","3":"status-publish","4":"has-post-thumbnail","6":"product_cat-cupido-en","8":"first","9":"instock","10":"taxable","11":"shipping-taxable","12":"product-type-simple"},"acf":[],"yoast_head":"<!-- This site is optimized with the Yoast SEO plugin v27.5 - https:\/\/yoast.com\/product\/yoast-seo-wordpress\/ -->\n<title>Brasstop Deluxe - Zeal Guitars<\/title>\n<meta name=\"robots\" content=\"index, follow, max-snippet:-1, max-image-preview:large, max-video-preview:-1\" \/>\n<link rel=\"canonical\" href=\"https:\/\/zeal-guitars.de\/en\/produkt\/brasstop-deluxe\/\" \/>\n<meta property=\"og:locale\" content=\"en_US\" \/>\n<meta property=\"og:type\" content=\"article\" \/>\n<meta property=\"og:title\" content=\"Brasstop Deluxe - Zeal Guitars\" \/>\n<meta property=\"og:url\" content=\"https:\/\/zeal-guitars.de\/en\/produkt\/brasstop-deluxe\/\" \/>\n<meta property=\"og:site_name\" content=\"Zeal Guitars\" \/>\n<meta property=\"article:publisher\" content=\"https:\/\/www.facebook.com\/zealguitars\" \/>\n<meta property=\"article:modified_time\" content=\"2019-11-18T16:41:20+00:00\" \/>\n<meta property=\"og:image\" content=\"https:\/\/zeal-guitars.de\/wp-content\/uploads\/2019\/10\/Brasstop_Deluxe1.jpg\" \/>\n\t<meta property=\"og:image:width\" content=\"920\" \/>\n\t<meta property=\"og:image:height\" content=\"635\" \/>\n\t<meta property=\"og:image:type\" content=\"image\/jpeg\" \/>\n<meta name=\"twitter:card\" content=\"summary_large_image\" \/>\n<meta name=\"twitter:label1\" content=\"Est. reading time\" \/>\n\t<meta name=\"twitter:data1\" content=\"1 minute\" \/>\n<script type=\"application\/ld+json\" class=\"yoast-schema-graph\">{\"@context\":\"https:\\\/\\\/schema.org\",\"@graph\":[{\"@type\":\"WebPage\",\"@id\":\"https:\\\/\\\/zeal-guitars.de\\\/en\\\/produkt\\\/brasstop-deluxe\\\/\",\"url\":\"https:\\\/\\\/zeal-guitars.de\\\/en\\\/produkt\\\/brasstop-deluxe\\\/\",\"name\":\"Brasstop Deluxe - Zeal Guitars\",\"isPartOf\":{\"@id\":\"https:\\\/\\\/zeal-guitars.de\\\/en\\\/#website\"},\"primaryImageOfPage\":{\"@id\":\"https:\\\/\\\/zeal-guitars.de\\\/en\\\/produkt\\\/brasstop-deluxe\\\/#primaryimage\"},\"image\":{\"@id\":\"https:\\\/\\\/zeal-guitars.de\\\/en\\\/produkt\\\/brasstop-deluxe\\\/#primaryimage\"},\"thumbnailUrl\":\"https:\\\/\\\/i0.wp.com\\\/zeal-guitars.de\\\/wp-content\\\/uploads\\\/2019\\\/10\\\/Brasstop_Deluxe1.jpg?fit=920%2C635&ssl=1\",\"datePublished\":\"2019-10-28T09:44:49+00:00\",\"dateModified\":\"2019-11-18T16:41:20+00:00\",\"breadcrumb\":{\"@id\":\"https:\\\/\\\/zeal-guitars.de\\\/en\\\/produkt\\\/brasstop-deluxe\\\/#breadcrumb\"},\"inLanguage\":\"en-US\",\"potentialAction\":[{\"@type\":\"ReadAction\",\"target\":[\"https:\\\/\\\/zeal-guitars.de\\\/en\\\/produkt\\\/brasstop-deluxe\\\/\"]}]},{\"@type\":\"ImageObject\",\"inLanguage\":\"en-US\",\"@id\":\"https:\\\/\\\/zeal-guitars.de\\\/en\\\/produkt\\\/brasstop-deluxe\\\/#primaryimage\",\"url\":\"https:\\\/\\\/i0.wp.com\\\/zeal-guitars.de\\\/wp-content\\\/uploads\\\/2019\\\/10\\\/Brasstop_Deluxe1.jpg?fit=920%2C635&ssl=1\",\"contentUrl\":\"https:\\\/\\\/i0.wp.com\\\/zeal-guitars.de\\\/wp-content\\\/uploads\\\/2019\\\/10\\\/Brasstop_Deluxe1.jpg?fit=920%2C635&ssl=1\",\"width\":920,\"height\":635},{\"@type\":\"BreadcrumbList\",\"@id\":\"https:\\\/\\\/zeal-guitars.de\\\/en\\\/produkt\\\/brasstop-deluxe\\\/#breadcrumb\",\"itemListElement\":[{\"@type\":\"ListItem\",\"position\":1,\"name\":\"Startseite\",\"item\":\"https:\\\/\\\/zeal-guitars.de\\\/en\\\/\"},{\"@type\":\"ListItem\",\"position\":2,\"name\":\"Shop\",\"item\":\"https:\\\/\\\/zeal-guitars.de\\\/shop\\\/\"},{\"@type\":\"ListItem\",\"position\":3,\"name\":\"Brasstop Deluxe\"}]},{\"@type\":\"WebSite\",\"@id\":\"https:\\\/\\\/zeal-guitars.de\\\/en\\\/#website\",\"url\":\"https:\\\/\\\/zeal-guitars.de\\\/en\\\/\",\"name\":\"Zeal Guitars\",\"description\":\"Gitarrenbau und Reparatur \\\/\\\/ Custom guitars\",\"publisher\":{\"@id\":\"https:\\\/\\\/zeal-guitars.de\\\/en\\\/#organization\"},\"potentialAction\":[{\"@type\":\"SearchAction\",\"target\":{\"@type\":\"EntryPoint\",\"urlTemplate\":\"https:\\\/\\\/zeal-guitars.de\\\/en\\\/?s={search_term_string}\"},\"query-input\":{\"@type\":\"PropertyValueSpecification\",\"valueRequired\":true,\"valueName\":\"search_term_string\"}}],\"inLanguage\":\"en-US\"},{\"@type\":\"Organization\",\"@id\":\"https:\\\/\\\/zeal-guitars.de\\\/en\\\/#organization\",\"name\":\"Zeal Guitars\",\"url\":\"https:\\\/\\\/zeal-guitars.de\\\/en\\\/\",\"logo\":{\"@type\":\"ImageObject\",\"inLanguage\":\"en-US\",\"@id\":\"https:\\\/\\\/zeal-guitars.de\\\/en\\\/#\\\/schema\\\/logo\\\/image\\\/\",\"url\":\"https:\\\/\\\/zeal-guitars.de\\\/wp-content\\\/uploads\\\/2019\\\/11\\\/zeal_logo.png\",\"contentUrl\":\"https:\\\/\\\/zeal-guitars.de\\\/wp-content\\\/uploads\\\/2019\\\/11\\\/zeal_logo.png\",\"width\":567,\"height\":290,\"caption\":\"Zeal Guitars\"},\"image\":{\"@id\":\"https:\\\/\\\/zeal-guitars.de\\\/en\\\/#\\\/schema\\\/logo\\\/image\\\/\"},\"sameAs\":[\"https:\\\/\\\/www.facebook.com\\\/zealguitars\",\"https:\\\/\\\/www.instagram.com\\\/zeal_guitars\\\/\"]}]}<\/script>\n<!-- \/ Yoast SEO plugin. -->","yoast_head_json":{"title":"Brasstop Deluxe - Zeal Guitars","robots":{"index":"index","follow":"follow","max-snippet":"max-snippet:-1","max-image-preview":"max-image-preview:large","max-video-preview":"max-video-preview:-1"},"canonical":"https:\/\/zeal-guitars.de\/en\/produkt\/brasstop-deluxe\/","og_locale":"en_US","og_type":"article","og_title":"Brasstop Deluxe - Zeal Guitars","og_url":"https:\/\/zeal-guitars.de\/en\/produkt\/brasstop-deluxe\/","og_site_name":"Zeal Guitars","article_publisher":"https:\/\/www.facebook.com\/zealguitars","article_modified_time":"2019-11-18T16:41:20+00:00","og_image":[{"width":920,"height":635,"url":"https:\/\/zeal-guitars.de\/wp-content\/uploads\/2019\/10\/Brasstop_Deluxe1.jpg","type":"image\/jpeg"}],"twitter_card":"summary_large_image","twitter_misc":{"Est. reading time":"1 minute"},"schema":{"@context":"https:\/\/schema.org","@graph":[{"@type":"WebPage","@id":"https:\/\/zeal-guitars.de\/en\/produkt\/brasstop-deluxe\/","url":"https:\/\/zeal-guitars.de\/en\/produkt\/brasstop-deluxe\/","name":"Brasstop Deluxe - Zeal Guitars","isPartOf":{"@id":"https:\/\/zeal-guitars.de\/en\/#website"},"primaryImageOfPage":{"@id":"https:\/\/zeal-guitars.de\/en\/produkt\/brasstop-deluxe\/#primaryimage"},"image":{"@id":"https:\/\/zeal-guitars.de\/en\/produkt\/brasstop-deluxe\/#primaryimage"},"thumbnailUrl":"https:\/\/i0.wp.com\/zeal-guitars.de\/wp-content\/uploads\/2019\/10\/Brasstop_Deluxe1.jpg?fit=920%2C635&ssl=1","datePublished":"2019-10-28T09:44:49+00:00","dateModified":"2019-11-18T16:41:20+00:00","breadcrumb":{"@id":"https:\/\/zeal-guitars.de\/en\/produkt\/brasstop-deluxe\/#breadcrumb"},"inLanguage":"en-US","potentialAction":[{"@type":"ReadAction","target":["https:\/\/zeal-guitars.de\/en\/produkt\/brasstop-deluxe\/"]}]},{"@type":"ImageObject","inLanguage":"en-US","@id":"https:\/\/zeal-guitars.de\/en\/produkt\/brasstop-deluxe\/#primaryimage","url":"https:\/\/i0.wp.com\/zeal-guitars.de\/wp-content\/uploads\/2019\/10\/Brasstop_Deluxe1.jpg?fit=920%2C635&ssl=1","contentUrl":"https:\/\/i0.wp.com\/zeal-guitars.de\/wp-content\/uploads\/2019\/10\/Brasstop_Deluxe1.jpg?fit=920%2C635&ssl=1","width":920,"height":635},{"@type":"BreadcrumbList","@id":"https:\/\/zeal-guitars.de\/en\/produkt\/brasstop-deluxe\/#breadcrumb","itemListElement":[{"@type":"ListItem","position":1,"name":"Startseite","item":"https:\/\/zeal-guitars.de\/en\/"},{"@type":"ListItem","position":2,"name":"Shop","item":"https:\/\/zeal-guitars.de\/shop\/"},{"@type":"ListItem","position":3,"name":"Brasstop Deluxe"}]},{"@type":"WebSite","@id":"https:\/\/zeal-guitars.de\/en\/#website","url":"https:\/\/zeal-guitars.de\/en\/","name":"Zeal Guitars","description":"Gitarrenbau und Reparatur \/\/ Custom guitars","publisher":{"@id":"https:\/\/zeal-guitars.de\/en\/#organization"},"potentialAction":[{"@type":"SearchAction","target":{"@type":"EntryPoint","urlTemplate":"https:\/\/zeal-guitars.de\/en\/?s={search_term_string}"},"query-input":{"@type":"PropertyValueSpecification","valueRequired":true,"valueName":"search_term_string"}}],"inLanguage":"en-US"},{"@type":"Organization","@id":"https:\/\/zeal-guitars.de\/en\/#organization","name":"Zeal Guitars","url":"https:\/\/zeal-guitars.de\/en\/","logo":{"@type":"ImageObject","inLanguage":"en-US","@id":"https:\/\/zeal-guitars.de\/en\/#\/schema\/logo\/image\/","url":"https:\/\/zeal-guitars.de\/wp-content\/uploads\/2019\/11\/zeal_logo.png","contentUrl":"https:\/\/zeal-guitars.de\/wp-content\/uploads\/2019\/11\/zeal_logo.png","width":567,"height":290,"caption":"Zeal Guitars"},"image":{"@id":"https:\/\/zeal-guitars.de\/en\/#\/schema\/logo\/image\/"},"sameAs":["https:\/\/www.facebook.com\/zealguitars","https:\/\/www.instagram.com\/zeal_guitars\/"]}]}},"jetpack_sharing_enabled":true,"_links":{"self":[{"href":"https:\/\/zeal-guitars.de\/en\/wp-json\/wp\/v2\/product\/9357","targetHints":{"allow":["GET"]}}],"collection":[{"href":"https:\/\/zeal-guitars.de\/en\/wp-json\/wp\/v2\/product"}],"about":[{"href":"https:\/\/zeal-guitars.de\/en\/wp-json\/wp\/v2\/types\/product"}],"wp:featuredmedia":[{"embeddable":true,"href":"https:\/\/zeal-guitars.de\/en\/wp-json\/wp\/v2\/media\/8814"}],"wp:attachment":[{"href":"https:\/\/zeal-guitars.de\/en\/wp-json\/wp\/v2\/media?parent=9357"}],"wp:term":[{"taxonomy":"product_brand","embeddable":true,"href":"https:\/\/zeal-guitars.de\/en\/wp-json\/wp\/v2\/product_brand?post=9357"},{"taxonomy":"product_cat","embeddable":true,"href":"https:\/\/zeal-guitars.de\/en\/wp-json\/wp\/v2\/product_cat?post=9357"},{"taxonomy":"product_tag","embeddable":true,"href":"https:\/\/zeal-guitars.de\/en\/wp-json\/wp\/v2\/product_tag?post=9357"}],"curies":[{"name":"wp","href":"https:\/\/api.w.org\/{rel}","templated":true}]}}