{"id":9356,"date":"2019-10-28T10:26:23","date_gmt":"2019-10-28T09:26:23","guid":{"rendered":"https:\/\/neu.zealguitars.de\/produkt\/gr-custom\/"},"modified":"2019-11-18T17:40:37","modified_gmt":"2019-11-18T16:40:37","slug":"gr-custom","status":"publish","type":"product","link":"https:\/\/zeal-guitars.de\/en\/produkt\/gr-custom\/","title":{"rendered":"GR Custom"},"content":{"rendered":"<section class=\"l-section wpb_row height_auto\"><div class=\"l-section-h i-cf\"><div class=\"g-cols vc_row via_flex valign_top type_default stacking_default\"><div class=\"vc_col-sm-12 wpb_column vc_column_container\"><div class=\"vc_column-inner\"><div class=\"wpb_wrapper\"><div class=\"wpb_text_column\"><div class=\"wpb_wrapper\"><h3>Custom Made Multiscale<\/h3>\n<p>Die Multiscale Variante unseres Hydra Designs built to order f\u00fcr Guy R.: 7 Saiten und Monster-Sound in elegantem Design! Die gef\u00e4cherten B\u00fcnde kombinieren die Vorteile von langer und kurzer Mensur auf einem Griffbrett. Die Ergonomie ist extrem angenehm, die h\u00f6chsten B\u00fcnde sind sehr bequem erreichbar und die nat\u00fcrliche Haltung der Hand beim Spielen wird perfekt aufgegriffen. Durch die l\u00e4ngere (26.5\u2033) Mensur sind die Basssaiten sch\u00f6n straff und klingen immer knackig und nie mumpfig mit einem sch\u00f6nen Growl. Die k\u00fcrzere (25\u2033) Mensur im Diskant macht die Saiten etwas \u201egeschmeidiger\u201c, sie klingen weicher und machen Bendings angenehm spielbar. Insgesamt wird so ein wunderbar ausbalancierter Gesamtsound verwirklicht. Die handgewickelten Bareknuckle Pickups sind um 10\u00b0 geneigt und folgen der Verl\u00e4ngerung der Mensur und liefern einen m\u00e4chtigen Sound, der jedoch immer wohldefiniert und ausgewogen bleibt mit sch\u00f6ner Saitentrennung. Eine progressive Rockmaschine f\u00fcr ebensolche Spieler!<\/p>\n<\/div><\/div><div class=\"w-separator size_huge\"><\/div><div class=\"wpb_text_column\"><div class=\"wpb_wrapper\"><h3>Specs<\/h3>\n<p><strong>Body<\/strong>: Flamed Swietenia Mahogany<br \/>\n<strong>Top<\/strong>: 5A Quilted Maple<br \/>\n<strong>Neck<\/strong>: Flamed Maple, 3pc with veneer layers<br \/>\n<strong>Neckwidth<\/strong>: 49mm (nut) 66mm (24th fret)<br \/>\n<strong>Neckthickness<\/strong>: 21mm (1st fret) 24,5mm (12th fret)<br \/>\n<strong>Fretboard<\/strong>: Richlite, 635mm (25\u2033) \u2013 670mm (26.5\u2033), 24 medium stainless steel frets, Custom \u201eG\u201c Inlay<br \/>\n<strong>Pickups<\/strong>: Bareknuckle Nailbomb B, Coldsweat N<br \/>\n<strong>Electronic<\/strong>: 3-way Switch, Volume with Push-Pull Phasereversal + Tone with Push-Pull Coilsplit<br \/>\n<strong>Hardware<\/strong>: Chrome; ABM Single Bridges; Schaller M6 Locking Tuner, Dunlop Straplocks<br \/>\n<strong>Construction<\/strong>: Bolt-On<br \/>\n<strong>Finish<\/strong>: Natural satin frostfade stain \/ Neck frostfade stain with<br \/>\n<strong>Price<\/strong>: 3.400 \u20ac<\/p>\n<\/div><\/div><\/div><\/div><\/div><\/div><\/div><\/section>\n","protected":false},"excerpt":{"rendered":"Custom Made Multiscale Die Multiscale Variante unseres Hydra Designs built to order f\u00fcr Guy R.: 7 Saiten und Monster-Sound in elegantem Design! Die gef\u00e4cherten B\u00fcnde kombinieren die Vorteile von langer und kurzer Mensur auf einem Griffbrett. Die Ergonomie ist extrem angenehm, die h\u00f6chsten B\u00fcnde sind sehr bequem erreichbar und die nat\u00fcrliche Haltung der Hand beim...","protected":false},"featured_media":8799,"template":"","meta":{"_acf_changed":false},"product_brand":[],"product_cat":[54],"product_tag":[],"class_list":{"0":"post-9356","1":"product","2":"type-product","3":"status-publish","4":"has-post-thumbnail","6":"product_cat-hydra-en","8":"first","9":"instock","10":"taxable","11":"shipping-taxable","12":"product-type-simple"},"acf":[],"yoast_head":"<!-- This site is optimized with the Yoast SEO plugin v27.3 - https:\/\/yoast.com\/product\/yoast-seo-wordpress\/ -->\n<title>GR Custom - Zeal Guitars<\/title>\n<meta name=\"robots\" content=\"index, follow, max-snippet:-1, max-image-preview:large, max-video-preview:-1\" \/>\n<link rel=\"canonical\" href=\"https:\/\/zeal-guitars.de\/en\/produkt\/gr-custom\/\" \/>\n<meta property=\"og:locale\" content=\"en_US\" \/>\n<meta property=\"og:type\" content=\"article\" \/>\n<meta property=\"og:title\" content=\"GR Custom - Zeal Guitars\" \/>\n<meta property=\"og:url\" content=\"https:\/\/zeal-guitars.de\/en\/produkt\/gr-custom\/\" \/>\n<meta property=\"og:site_name\" content=\"Zeal Guitars\" \/>\n<meta property=\"article:publisher\" content=\"https:\/\/www.facebook.com\/zealguitars\" \/>\n<meta property=\"article:modified_time\" content=\"2019-11-18T16:40:37+00:00\" \/>\n<meta property=\"og:image\" content=\"https:\/\/zeal-guitars.de\/wp-content\/uploads\/2019\/10\/GR2_2.jpg\" \/>\n\t<meta property=\"og:image:width\" content=\"920\" \/>\n\t<meta property=\"og:image:height\" content=\"613\" \/>\n\t<meta property=\"og:image:type\" content=\"image\/jpeg\" \/>\n<meta name=\"twitter:card\" content=\"summary_large_image\" \/>\n<meta name=\"twitter:label1\" content=\"Est. reading time\" \/>\n\t<meta name=\"twitter:data1\" content=\"1 minute\" \/>\n<script type=\"application\/ld+json\" class=\"yoast-schema-graph\">{\"@context\":\"https:\\\/\\\/schema.org\",\"@graph\":[{\"@type\":\"WebPage\",\"@id\":\"https:\\\/\\\/zeal-guitars.de\\\/en\\\/produkt\\\/gr-custom\\\/\",\"url\":\"https:\\\/\\\/zeal-guitars.de\\\/en\\\/produkt\\\/gr-custom\\\/\",\"name\":\"GR Custom - Zeal Guitars\",\"isPartOf\":{\"@id\":\"https:\\\/\\\/zeal-guitars.de\\\/en\\\/#website\"},\"primaryImageOfPage\":{\"@id\":\"https:\\\/\\\/zeal-guitars.de\\\/en\\\/produkt\\\/gr-custom\\\/#primaryimage\"},\"image\":{\"@id\":\"https:\\\/\\\/zeal-guitars.de\\\/en\\\/produkt\\\/gr-custom\\\/#primaryimage\"},\"thumbnailUrl\":\"https:\\\/\\\/i0.wp.com\\\/zeal-guitars.de\\\/wp-content\\\/uploads\\\/2019\\\/10\\\/GR2_2.jpg?fit=920%2C613&ssl=1\",\"datePublished\":\"2019-10-28T09:26:23+00:00\",\"dateModified\":\"2019-11-18T16:40:37+00:00\",\"breadcrumb\":{\"@id\":\"https:\\\/\\\/zeal-guitars.de\\\/en\\\/produkt\\\/gr-custom\\\/#breadcrumb\"},\"inLanguage\":\"en-US\",\"potentialAction\":[{\"@type\":\"ReadAction\",\"target\":[\"https:\\\/\\\/zeal-guitars.de\\\/en\\\/produkt\\\/gr-custom\\\/\"]}]},{\"@type\":\"ImageObject\",\"inLanguage\":\"en-US\",\"@id\":\"https:\\\/\\\/zeal-guitars.de\\\/en\\\/produkt\\\/gr-custom\\\/#primaryimage\",\"url\":\"https:\\\/\\\/i0.wp.com\\\/zeal-guitars.de\\\/wp-content\\\/uploads\\\/2019\\\/10\\\/GR2_2.jpg?fit=920%2C613&ssl=1\",\"contentUrl\":\"https:\\\/\\\/i0.wp.com\\\/zeal-guitars.de\\\/wp-content\\\/uploads\\\/2019\\\/10\\\/GR2_2.jpg?fit=920%2C613&ssl=1\",\"width\":920,\"height\":613},{\"@type\":\"BreadcrumbList\",\"@id\":\"https:\\\/\\\/zeal-guitars.de\\\/en\\\/produkt\\\/gr-custom\\\/#breadcrumb\",\"itemListElement\":[{\"@type\":\"ListItem\",\"position\":1,\"name\":\"Startseite\",\"item\":\"https:\\\/\\\/zeal-guitars.de\\\/en\\\/\"},{\"@type\":\"ListItem\",\"position\":2,\"name\":\"Shop\",\"item\":\"https:\\\/\\\/zeal-guitars.de\\\/shop\\\/\"},{\"@type\":\"ListItem\",\"position\":3,\"name\":\"GR Custom\"}]},{\"@type\":\"WebSite\",\"@id\":\"https:\\\/\\\/zeal-guitars.de\\\/en\\\/#website\",\"url\":\"https:\\\/\\\/zeal-guitars.de\\\/en\\\/\",\"name\":\"Zeal Guitars\",\"description\":\"Gitarrenbau und Reparatur \\\/\\\/ Custom guitars\",\"publisher\":{\"@id\":\"https:\\\/\\\/zeal-guitars.de\\\/en\\\/#organization\"},\"potentialAction\":[{\"@type\":\"SearchAction\",\"target\":{\"@type\":\"EntryPoint\",\"urlTemplate\":\"https:\\\/\\\/zeal-guitars.de\\\/en\\\/?s={search_term_string}\"},\"query-input\":{\"@type\":\"PropertyValueSpecification\",\"valueRequired\":true,\"valueName\":\"search_term_string\"}}],\"inLanguage\":\"en-US\"},{\"@type\":\"Organization\",\"@id\":\"https:\\\/\\\/zeal-guitars.de\\\/en\\\/#organization\",\"name\":\"Zeal Guitars\",\"url\":\"https:\\\/\\\/zeal-guitars.de\\\/en\\\/\",\"logo\":{\"@type\":\"ImageObject\",\"inLanguage\":\"en-US\",\"@id\":\"https:\\\/\\\/zeal-guitars.de\\\/en\\\/#\\\/schema\\\/logo\\\/image\\\/\",\"url\":\"https:\\\/\\\/zeal-guitars.de\\\/wp-content\\\/uploads\\\/2019\\\/11\\\/zeal_logo.png\",\"contentUrl\":\"https:\\\/\\\/zeal-guitars.de\\\/wp-content\\\/uploads\\\/2019\\\/11\\\/zeal_logo.png\",\"width\":567,\"height\":290,\"caption\":\"Zeal Guitars\"},\"image\":{\"@id\":\"https:\\\/\\\/zeal-guitars.de\\\/en\\\/#\\\/schema\\\/logo\\\/image\\\/\"},\"sameAs\":[\"https:\\\/\\\/www.facebook.com\\\/zealguitars\",\"https:\\\/\\\/www.instagram.com\\\/zeal_guitars\\\/\"]}]}<\/script>\n<!-- \/ Yoast SEO plugin. -->","yoast_head_json":{"title":"GR Custom - Zeal Guitars","robots":{"index":"index","follow":"follow","max-snippet":"max-snippet:-1","max-image-preview":"max-image-preview:large","max-video-preview":"max-video-preview:-1"},"canonical":"https:\/\/zeal-guitars.de\/en\/produkt\/gr-custom\/","og_locale":"en_US","og_type":"article","og_title":"GR Custom - Zeal Guitars","og_url":"https:\/\/zeal-guitars.de\/en\/produkt\/gr-custom\/","og_site_name":"Zeal Guitars","article_publisher":"https:\/\/www.facebook.com\/zealguitars","article_modified_time":"2019-11-18T16:40:37+00:00","og_image":[{"width":920,"height":613,"url":"https:\/\/zeal-guitars.de\/wp-content\/uploads\/2019\/10\/GR2_2.jpg","type":"image\/jpeg"}],"twitter_card":"summary_large_image","twitter_misc":{"Est. reading time":"1 minute"},"schema":{"@context":"https:\/\/schema.org","@graph":[{"@type":"WebPage","@id":"https:\/\/zeal-guitars.de\/en\/produkt\/gr-custom\/","url":"https:\/\/zeal-guitars.de\/en\/produkt\/gr-custom\/","name":"GR Custom - Zeal Guitars","isPartOf":{"@id":"https:\/\/zeal-guitars.de\/en\/#website"},"primaryImageOfPage":{"@id":"https:\/\/zeal-guitars.de\/en\/produkt\/gr-custom\/#primaryimage"},"image":{"@id":"https:\/\/zeal-guitars.de\/en\/produkt\/gr-custom\/#primaryimage"},"thumbnailUrl":"https:\/\/i0.wp.com\/zeal-guitars.de\/wp-content\/uploads\/2019\/10\/GR2_2.jpg?fit=920%2C613&ssl=1","datePublished":"2019-10-28T09:26:23+00:00","dateModified":"2019-11-18T16:40:37+00:00","breadcrumb":{"@id":"https:\/\/zeal-guitars.de\/en\/produkt\/gr-custom\/#breadcrumb"},"inLanguage":"en-US","potentialAction":[{"@type":"ReadAction","target":["https:\/\/zeal-guitars.de\/en\/produkt\/gr-custom\/"]}]},{"@type":"ImageObject","inLanguage":"en-US","@id":"https:\/\/zeal-guitars.de\/en\/produkt\/gr-custom\/#primaryimage","url":"https:\/\/i0.wp.com\/zeal-guitars.de\/wp-content\/uploads\/2019\/10\/GR2_2.jpg?fit=920%2C613&ssl=1","contentUrl":"https:\/\/i0.wp.com\/zeal-guitars.de\/wp-content\/uploads\/2019\/10\/GR2_2.jpg?fit=920%2C613&ssl=1","width":920,"height":613},{"@type":"BreadcrumbList","@id":"https:\/\/zeal-guitars.de\/en\/produkt\/gr-custom\/#breadcrumb","itemListElement":[{"@type":"ListItem","position":1,"name":"Startseite","item":"https:\/\/zeal-guitars.de\/en\/"},{"@type":"ListItem","position":2,"name":"Shop","item":"https:\/\/zeal-guitars.de\/shop\/"},{"@type":"ListItem","position":3,"name":"GR Custom"}]},{"@type":"WebSite","@id":"https:\/\/zeal-guitars.de\/en\/#website","url":"https:\/\/zeal-guitars.de\/en\/","name":"Zeal Guitars","description":"Gitarrenbau und Reparatur \/\/ Custom guitars","publisher":{"@id":"https:\/\/zeal-guitars.de\/en\/#organization"},"potentialAction":[{"@type":"SearchAction","target":{"@type":"EntryPoint","urlTemplate":"https:\/\/zeal-guitars.de\/en\/?s={search_term_string}"},"query-input":{"@type":"PropertyValueSpecification","valueRequired":true,"valueName":"search_term_string"}}],"inLanguage":"en-US"},{"@type":"Organization","@id":"https:\/\/zeal-guitars.de\/en\/#organization","name":"Zeal Guitars","url":"https:\/\/zeal-guitars.de\/en\/","logo":{"@type":"ImageObject","inLanguage":"en-US","@id":"https:\/\/zeal-guitars.de\/en\/#\/schema\/logo\/image\/","url":"https:\/\/zeal-guitars.de\/wp-content\/uploads\/2019\/11\/zeal_logo.png","contentUrl":"https:\/\/zeal-guitars.de\/wp-content\/uploads\/2019\/11\/zeal_logo.png","width":567,"height":290,"caption":"Zeal Guitars"},"image":{"@id":"https:\/\/zeal-guitars.de\/en\/#\/schema\/logo\/image\/"},"sameAs":["https:\/\/www.facebook.com\/zealguitars","https:\/\/www.instagram.com\/zeal_guitars\/"]}]}},"jetpack_sharing_enabled":true,"_links":{"self":[{"href":"https:\/\/zeal-guitars.de\/en\/wp-json\/wp\/v2\/product\/9356","targetHints":{"allow":["GET"]}}],"collection":[{"href":"https:\/\/zeal-guitars.de\/en\/wp-json\/wp\/v2\/product"}],"about":[{"href":"https:\/\/zeal-guitars.de\/en\/wp-json\/wp\/v2\/types\/product"}],"wp:featuredmedia":[{"embeddable":true,"href":"https:\/\/zeal-guitars.de\/en\/wp-json\/wp\/v2\/media\/8799"}],"wp:attachment":[{"href":"https:\/\/zeal-guitars.de\/en\/wp-json\/wp\/v2\/media?parent=9356"}],"wp:term":[{"taxonomy":"product_brand","embeddable":true,"href":"https:\/\/zeal-guitars.de\/en\/wp-json\/wp\/v2\/product_brand?post=9356"},{"taxonomy":"product_cat","embeddable":true,"href":"https:\/\/zeal-guitars.de\/en\/wp-json\/wp\/v2\/product_cat?post=9356"},{"taxonomy":"product_tag","embeddable":true,"href":"https:\/\/zeal-guitars.de\/en\/wp-json\/wp\/v2\/product_tag?post=9356"}],"curies":[{"name":"wp","href":"https:\/\/api.w.org\/{rel}","templated":true}]}}