{"id":8545,"date":"2019-11-18T14:51:20","date_gmt":"2019-11-18T13:51:20","guid":{"rendered":"https:\/\/neu.zealguitars.de\/?post_type=product&#038;p=8545"},"modified":"2019-12-29T14:09:34","modified_gmt":"2019-12-29T13:09:34","slug":"headless","status":"publish","type":"product","link":"https:\/\/zeal-guitars.de\/en\/produkt\/headless\/","title":{"rendered":"DS Custom &#8211; Headless"},"content":{"rendered":"","protected":false},"excerpt":{"rendered":"<h3><\/h3>\n<h3>Ergonomischer Multiscale Shredder<\/h3>\n<p>Inspiriert von Ola Strandbergs Boden Design haben wir diese kompakte Headless Gitarre f\u00fcr unseren Kunden konzipiert. Perfekt um auf Dienstreisen nach Feierabend den Tag mit einem gem\u00fctlichen Shred ausklingen zu lassen. Ergonomisch durchdacht und soundm\u00e4\u00dfig mindestens doppelt so gro\u00df wie sie aussieht. Mit unter 3kg unschlagbar leicht und somit auch f\u00fcr lange Gigs und erm\u00fcdungsfreies Spiel gemacht.<\/p>\n<h3>Specs<\/h3>\n<p><strong>Body:<\/strong> Swamp Ash<br \/>\n<strong>Neck<\/strong>: Flamed Maple, 3pc.<br \/>\n<strong>Fretboard<\/strong>: Richlite, 26 &#8211; 25.5&#8243; Multiscale, 24x stainless steels frets<br \/>\n<strong>Pickups<\/strong>: H\u00e4ussel Tozz XL Fat B, VIN+ N<br \/>\n<strong>Electronic<\/strong>: 3-Way Switch; Mastervolume; Tone<br \/>\n<strong>Hardware<\/strong>: Chrome; ABM Singletuner bridge + headpieces<br \/>\n<strong>Construction<\/strong>: Bolt-On<br \/>\n<strong>Finish<\/strong>: Red stained burst, natural satin finish<br \/>\n<strong>Specials:<\/strong> Inspired by the Boden Design by Ola Strandberg<\/p>\n<p>&nbsp;<\/p>\n","protected":false},"featured_media":8554,"template":"","meta":{"_acf_changed":false},"product_brand":[],"product_cat":[31],"product_tag":[],"class_list":{"0":"post-8545","1":"product","2":"type-product","3":"status-publish","4":"has-post-thumbnail","6":"product_cat-custom-shop","8":"first","9":"instock","10":"taxable","11":"shipping-taxable","12":"product-type-simple"},"acf":[],"yoast_head":"<!-- This site is optimized with the Yoast SEO plugin v27.3 - https:\/\/yoast.com\/product\/yoast-seo-wordpress\/ -->\n<title>DS Custom headless guitar inspired by Strandberg Boden<\/title>\n<meta name=\"robots\" content=\"index, follow, max-snippet:-1, max-image-preview:large, max-video-preview:-1\" \/>\n<link rel=\"canonical\" href=\"https:\/\/zeal-guitars.de\/en\/produkt\/headless\/\" \/>\n<meta property=\"og:locale\" content=\"en_US\" \/>\n<meta property=\"og:type\" content=\"article\" \/>\n<meta property=\"og:title\" content=\"DS Custom headless guitar inspired by Strandberg Boden\" \/>\n<meta property=\"og:description\" content=\"Ergonomischer Multiscale Shredder Inspiriert von Ola Strandbergs Boden Design haben wir diese kompakte Headless Gitarre f\u00fcr unseren Kunden konzipiert. Perfekt um auf Dienstreisen nach Feierabend den Tag mit einem gem\u00fctlichen Shred ausklingen zu lassen. Ergonomisch durchdacht und soundm\u00e4\u00dfig mindestens doppelt so gro\u00df wie sie aussieht. Mit unter 3kg unschlagbar leicht und somit auch f\u00fcr lange Gigs und erm\u00fcdungsfreies Spiel gemacht. Specs Body: Swamp Ash Neck: Flamed Maple, 3pc. Fretboard: Richlite, 26 - 25.5&quot; Multiscale, 24x stainless steels frets Pickups: H\u00e4ussel Tozz XL Fat B, VIN+ N Electronic: 3-Way Switch; Mastervolume; Tone Hardware: Chrome; ABM Singletuner bridge + headpieces Construction: Bolt-On Finish: Red stained burst, natural satin finish Specials: Inspired by the Boden Design by Ola Strandberg  &nbsp;\" \/>\n<meta property=\"og:url\" content=\"https:\/\/zeal-guitars.de\/en\/produkt\/headless\/\" \/>\n<meta property=\"og:site_name\" content=\"Zeal Guitars\" \/>\n<meta property=\"article:publisher\" content=\"https:\/\/www.facebook.com\/zealguitars\" \/>\n<meta property=\"article:modified_time\" content=\"2019-12-29T13:09:34+00:00\" \/>\n<meta property=\"og:image\" content=\"https:\/\/zeal-guitars.de\/wp-content\/uploads\/2019\/11\/Headless_2.jpg\" \/>\n\t<meta property=\"og:image:width\" content=\"1200\" \/>\n\t<meta property=\"og:image:height\" content=\"800\" \/>\n\t<meta property=\"og:image:type\" content=\"image\/jpeg\" \/>\n<meta name=\"twitter:card\" content=\"summary_large_image\" \/>\n<script type=\"application\/ld+json\" class=\"yoast-schema-graph\">{\"@context\":\"https:\\\/\\\/schema.org\",\"@graph\":[{\"@type\":\"WebPage\",\"@id\":\"https:\\\/\\\/zeal-guitars.de\\\/en\\\/produkt\\\/headless\\\/\",\"url\":\"https:\\\/\\\/zeal-guitars.de\\\/en\\\/produkt\\\/headless\\\/\",\"name\":\"DS Custom headless guitar inspired by Strandberg Boden\",\"isPartOf\":{\"@id\":\"https:\\\/\\\/zeal-guitars.de\\\/en\\\/#website\"},\"primaryImageOfPage\":{\"@id\":\"https:\\\/\\\/zeal-guitars.de\\\/en\\\/produkt\\\/headless\\\/#primaryimage\"},\"image\":{\"@id\":\"https:\\\/\\\/zeal-guitars.de\\\/en\\\/produkt\\\/headless\\\/#primaryimage\"},\"thumbnailUrl\":\"https:\\\/\\\/i0.wp.com\\\/zeal-guitars.de\\\/wp-content\\\/uploads\\\/2019\\\/11\\\/Headless_2.jpg?fit=1200%2C800&ssl=1\",\"datePublished\":\"2019-11-18T13:51:20+00:00\",\"dateModified\":\"2019-12-29T13:09:34+00:00\",\"breadcrumb\":{\"@id\":\"https:\\\/\\\/zeal-guitars.de\\\/en\\\/produkt\\\/headless\\\/#breadcrumb\"},\"inLanguage\":\"en-US\",\"potentialAction\":[{\"@type\":\"ReadAction\",\"target\":[\"https:\\\/\\\/zeal-guitars.de\\\/en\\\/produkt\\\/headless\\\/\"]}]},{\"@type\":\"ImageObject\",\"inLanguage\":\"en-US\",\"@id\":\"https:\\\/\\\/zeal-guitars.de\\\/en\\\/produkt\\\/headless\\\/#primaryimage\",\"url\":\"https:\\\/\\\/i0.wp.com\\\/zeal-guitars.de\\\/wp-content\\\/uploads\\\/2019\\\/11\\\/Headless_2.jpg?fit=1200%2C800&ssl=1\",\"contentUrl\":\"https:\\\/\\\/i0.wp.com\\\/zeal-guitars.de\\\/wp-content\\\/uploads\\\/2019\\\/11\\\/Headless_2.jpg?fit=1200%2C800&ssl=1\",\"width\":1200,\"height\":800},{\"@type\":\"BreadcrumbList\",\"@id\":\"https:\\\/\\\/zeal-guitars.de\\\/en\\\/produkt\\\/headless\\\/#breadcrumb\",\"itemListElement\":[{\"@type\":\"ListItem\",\"position\":1,\"name\":\"Startseite\",\"item\":\"https:\\\/\\\/zeal-guitars.de\\\/en\\\/\"},{\"@type\":\"ListItem\",\"position\":2,\"name\":\"Shop\",\"item\":\"https:\\\/\\\/zeal-guitars.de\\\/shop\\\/\"},{\"@type\":\"ListItem\",\"position\":3,\"name\":\"DS Custom &#8211; Headless\"}]},{\"@type\":\"WebSite\",\"@id\":\"https:\\\/\\\/zeal-guitars.de\\\/en\\\/#website\",\"url\":\"https:\\\/\\\/zeal-guitars.de\\\/en\\\/\",\"name\":\"Zeal Guitars\",\"description\":\"Gitarrenbau und Reparatur \\\/\\\/ Custom guitars\",\"publisher\":{\"@id\":\"https:\\\/\\\/zeal-guitars.de\\\/en\\\/#organization\"},\"potentialAction\":[{\"@type\":\"SearchAction\",\"target\":{\"@type\":\"EntryPoint\",\"urlTemplate\":\"https:\\\/\\\/zeal-guitars.de\\\/en\\\/?s={search_term_string}\"},\"query-input\":{\"@type\":\"PropertyValueSpecification\",\"valueRequired\":true,\"valueName\":\"search_term_string\"}}],\"inLanguage\":\"en-US\"},{\"@type\":\"Organization\",\"@id\":\"https:\\\/\\\/zeal-guitars.de\\\/en\\\/#organization\",\"name\":\"Zeal Guitars\",\"url\":\"https:\\\/\\\/zeal-guitars.de\\\/en\\\/\",\"logo\":{\"@type\":\"ImageObject\",\"inLanguage\":\"en-US\",\"@id\":\"https:\\\/\\\/zeal-guitars.de\\\/en\\\/#\\\/schema\\\/logo\\\/image\\\/\",\"url\":\"https:\\\/\\\/zeal-guitars.de\\\/wp-content\\\/uploads\\\/2019\\\/11\\\/zeal_logo.png\",\"contentUrl\":\"https:\\\/\\\/zeal-guitars.de\\\/wp-content\\\/uploads\\\/2019\\\/11\\\/zeal_logo.png\",\"width\":567,\"height\":290,\"caption\":\"Zeal Guitars\"},\"image\":{\"@id\":\"https:\\\/\\\/zeal-guitars.de\\\/en\\\/#\\\/schema\\\/logo\\\/image\\\/\"},\"sameAs\":[\"https:\\\/\\\/www.facebook.com\\\/zealguitars\",\"https:\\\/\\\/www.instagram.com\\\/zeal_guitars\\\/\"]}]}<\/script>\n<!-- \/ Yoast SEO plugin. -->","yoast_head_json":{"title":"DS Custom headless guitar inspired by Strandberg Boden","robots":{"index":"index","follow":"follow","max-snippet":"max-snippet:-1","max-image-preview":"max-image-preview:large","max-video-preview":"max-video-preview:-1"},"canonical":"https:\/\/zeal-guitars.de\/en\/produkt\/headless\/","og_locale":"en_US","og_type":"article","og_title":"DS Custom headless guitar inspired by Strandberg Boden","og_description":"Ergonomischer Multiscale Shredder Inspiriert von Ola Strandbergs Boden Design haben wir diese kompakte Headless Gitarre f\u00fcr unseren Kunden konzipiert. Perfekt um auf Dienstreisen nach Feierabend den Tag mit einem gem\u00fctlichen Shred ausklingen zu lassen. Ergonomisch durchdacht und soundm\u00e4\u00dfig mindestens doppelt so gro\u00df wie sie aussieht. Mit unter 3kg unschlagbar leicht und somit auch f\u00fcr lange Gigs und erm\u00fcdungsfreies Spiel gemacht. Specs Body: Swamp Ash Neck: Flamed Maple, 3pc. Fretboard: Richlite, 26 - 25.5\" Multiscale, 24x stainless steels frets Pickups: H\u00e4ussel Tozz XL Fat B, VIN+ N Electronic: 3-Way Switch; Mastervolume; Tone Hardware: Chrome; ABM Singletuner bridge + headpieces Construction: Bolt-On Finish: Red stained burst, natural satin finish Specials: Inspired by the Boden Design by Ola Strandberg  &nbsp;","og_url":"https:\/\/zeal-guitars.de\/en\/produkt\/headless\/","og_site_name":"Zeal Guitars","article_publisher":"https:\/\/www.facebook.com\/zealguitars","article_modified_time":"2019-12-29T13:09:34+00:00","og_image":[{"width":1200,"height":800,"url":"https:\/\/zeal-guitars.de\/wp-content\/uploads\/2019\/11\/Headless_2.jpg","type":"image\/jpeg"}],"twitter_card":"summary_large_image","schema":{"@context":"https:\/\/schema.org","@graph":[{"@type":"WebPage","@id":"https:\/\/zeal-guitars.de\/en\/produkt\/headless\/","url":"https:\/\/zeal-guitars.de\/en\/produkt\/headless\/","name":"DS Custom headless guitar inspired by Strandberg Boden","isPartOf":{"@id":"https:\/\/zeal-guitars.de\/en\/#website"},"primaryImageOfPage":{"@id":"https:\/\/zeal-guitars.de\/en\/produkt\/headless\/#primaryimage"},"image":{"@id":"https:\/\/zeal-guitars.de\/en\/produkt\/headless\/#primaryimage"},"thumbnailUrl":"https:\/\/i0.wp.com\/zeal-guitars.de\/wp-content\/uploads\/2019\/11\/Headless_2.jpg?fit=1200%2C800&ssl=1","datePublished":"2019-11-18T13:51:20+00:00","dateModified":"2019-12-29T13:09:34+00:00","breadcrumb":{"@id":"https:\/\/zeal-guitars.de\/en\/produkt\/headless\/#breadcrumb"},"inLanguage":"en-US","potentialAction":[{"@type":"ReadAction","target":["https:\/\/zeal-guitars.de\/en\/produkt\/headless\/"]}]},{"@type":"ImageObject","inLanguage":"en-US","@id":"https:\/\/zeal-guitars.de\/en\/produkt\/headless\/#primaryimage","url":"https:\/\/i0.wp.com\/zeal-guitars.de\/wp-content\/uploads\/2019\/11\/Headless_2.jpg?fit=1200%2C800&ssl=1","contentUrl":"https:\/\/i0.wp.com\/zeal-guitars.de\/wp-content\/uploads\/2019\/11\/Headless_2.jpg?fit=1200%2C800&ssl=1","width":1200,"height":800},{"@type":"BreadcrumbList","@id":"https:\/\/zeal-guitars.de\/en\/produkt\/headless\/#breadcrumb","itemListElement":[{"@type":"ListItem","position":1,"name":"Startseite","item":"https:\/\/zeal-guitars.de\/en\/"},{"@type":"ListItem","position":2,"name":"Shop","item":"https:\/\/zeal-guitars.de\/shop\/"},{"@type":"ListItem","position":3,"name":"DS Custom &#8211; Headless"}]},{"@type":"WebSite","@id":"https:\/\/zeal-guitars.de\/en\/#website","url":"https:\/\/zeal-guitars.de\/en\/","name":"Zeal Guitars","description":"Gitarrenbau und Reparatur \/\/ Custom guitars","publisher":{"@id":"https:\/\/zeal-guitars.de\/en\/#organization"},"potentialAction":[{"@type":"SearchAction","target":{"@type":"EntryPoint","urlTemplate":"https:\/\/zeal-guitars.de\/en\/?s={search_term_string}"},"query-input":{"@type":"PropertyValueSpecification","valueRequired":true,"valueName":"search_term_string"}}],"inLanguage":"en-US"},{"@type":"Organization","@id":"https:\/\/zeal-guitars.de\/en\/#organization","name":"Zeal Guitars","url":"https:\/\/zeal-guitars.de\/en\/","logo":{"@type":"ImageObject","inLanguage":"en-US","@id":"https:\/\/zeal-guitars.de\/en\/#\/schema\/logo\/image\/","url":"https:\/\/zeal-guitars.de\/wp-content\/uploads\/2019\/11\/zeal_logo.png","contentUrl":"https:\/\/zeal-guitars.de\/wp-content\/uploads\/2019\/11\/zeal_logo.png","width":567,"height":290,"caption":"Zeal Guitars"},"image":{"@id":"https:\/\/zeal-guitars.de\/en\/#\/schema\/logo\/image\/"},"sameAs":["https:\/\/www.facebook.com\/zealguitars","https:\/\/www.instagram.com\/zeal_guitars\/"]}]}},"jetpack_sharing_enabled":true,"_links":{"self":[{"href":"https:\/\/zeal-guitars.de\/en\/wp-json\/wp\/v2\/product\/8545","targetHints":{"allow":["GET"]}}],"collection":[{"href":"https:\/\/zeal-guitars.de\/en\/wp-json\/wp\/v2\/product"}],"about":[{"href":"https:\/\/zeal-guitars.de\/en\/wp-json\/wp\/v2\/types\/product"}],"wp:featuredmedia":[{"embeddable":true,"href":"https:\/\/zeal-guitars.de\/en\/wp-json\/wp\/v2\/media\/8554"}],"wp:attachment":[{"href":"https:\/\/zeal-guitars.de\/en\/wp-json\/wp\/v2\/media?parent=8545"}],"wp:term":[{"taxonomy":"product_brand","embeddable":true,"href":"https:\/\/zeal-guitars.de\/en\/wp-json\/wp\/v2\/product_brand?post=8545"},{"taxonomy":"product_cat","embeddable":true,"href":"https:\/\/zeal-guitars.de\/en\/wp-json\/wp\/v2\/product_cat?post=8545"},{"taxonomy":"product_tag","embeddable":true,"href":"https:\/\/zeal-guitars.de\/en\/wp-json\/wp\/v2\/product_tag?post=8545"}],"curies":[{"name":"wp","href":"https:\/\/api.w.org\/{rel}","templated":true}]}}