{"id":121458,"date":"2024-05-06T10:50:54","date_gmt":"2024-05-06T08:50:54","guid":{"rendered":"https:\/\/zeal-guitars.de\/?post_type=product&#038;p=121458"},"modified":"2025-09-23T10:17:40","modified_gmt":"2025-09-23T08:17:40","slug":"aennchen-ii","status":"publish","type":"product","link":"https:\/\/zeal-guitars.de\/en\/produkt\/aennchen-ii\/","title":{"rendered":"\u00c4nnchen II"},"content":{"rendered":"<h3>Specs<\/h3>\n<p><strong>Body:<\/strong> Swamp Ash 2pc.<br \/>\n<strong>Neck<\/strong>: Roasted Maple<br \/>\n<strong>Fretboard<\/strong>: Richlite, 25.5\u2033 &#8211; 26.5&#8243; Multiscale, 24 medium stainless steel frets<br \/>\n<strong>Pickups<\/strong>: <a href=\"https:\/\/www.haeussel.com\/index.php?id=30\">H\u00e4ussel<\/a> handwound pickups \/\/ Tozz XL Fat Bridge, VIN+ Neck<br \/>\n<strong>Electronic<\/strong>: 5-Way Megaswitch P \/\/  Mastervolume with Killpot + Tone<br \/>\n<strong>Hardware<\/strong>: Black \/\/ Schaller Locking Tuners \/\/ Kahler 2300 flatmount vibrato<br \/>\n<strong>Construction<\/strong>: Bolt-On<br \/>\n<strong>Finish<\/strong>: Satin \/\/ Black with bright grains<\/p>\n","protected":false},"excerpt":{"rendered":"<h3>Prog Metal Machine<\/h3>\n<p>We built the \u00c4nnchen II at the request of Phillip from Vanish (<a href=\"https:\/\/www.vanish-metal.com\/\">www.vanish-metal.com<\/a>). The basis of this design, which was designed specifically for Phillip in CAD, was the body shape of the Ibanez RG. We have modified these a bit and given them some distinctive shapes. And since we wanted this to be absolutely unique, we of course added a few more features at Phillip&#8217;s request:<br \/>\nThe Vansih band logo was inlaid into the black Richlite fingerboard made of Corian. Richlite is absolutely insensitive to external influences and therefore perfect for stage use. The roasted maple neck is also indestructible and therefore a perfect pair for maximum stability. The fanned frets on this multiscale fingerboard, along with the longer scale length in the bass, ensure more string tension and therefore tighter articulation with more punch on the B string. The &#8220;normal&#8221; 25.5&#8243; scale length in the treble allows solos to continue to slide neatly over the stainless steel frets. The zero fret ensures perfect string position right from the nut.<br \/>\nIn my opinion, the Kahler Vibrato is the best double locking system on the market. Perfectly thought out and functional and easy to use in every respect. Of course, absolutely tuning stable and compatible with almost every scale length.<br \/>\nThe H\u00e4ussel pickups with the soapbar cover are custom-made for this guitar and provide a lot of thrust with always perfect articulation for high gain sounds &#8211; perfectly designed for prog metal. In combination with the Megaswitch P, very versatile sounds result and the integrated killpot in the volume control makes machining effects possible.<br \/>\nA small eye-catcher is of course the \u201c\u00c4nnchen II\u201d logo on the body. Of course Phillip knows who he is talking about and who we have to thank for the start of this very cool custom project \ud83d\ude42<\/p>\n","protected":false},"featured_media":121443,"template":"","meta":{"_acf_changed":false},"product_brand":[],"product_cat":[51],"product_tag":[],"class_list":{"0":"post-121458","1":"product","2":"type-product","3":"status-publish","4":"has-post-thumbnail","6":"product_cat-custom-en","8":"first","9":"instock","10":"taxable","11":"shipping-taxable","12":"product-type-simple"},"acf":[],"yoast_head":"<!-- This site is optimized with the Yoast SEO plugin v27.5 - https:\/\/yoast.com\/product\/yoast-seo-wordpress\/ -->\n<title>\u00c4nnchen II - Zeal Guitars<\/title>\n<meta name=\"description\" content=\"\u00c4nchen II. Custom Shop Solidbody Design by Zeal Guitars, made-to-order for Phillip. H\u00e4ussel Pickups + Kahler Tremolo, Multiscale.\" \/>\n<meta name=\"robots\" content=\"index, follow, max-snippet:-1, max-image-preview:large, max-video-preview:-1\" \/>\n<link rel=\"canonical\" href=\"https:\/\/zeal-guitars.de\/en\/produkt\/aennchen-ii\/\" \/>\n<meta property=\"og:locale\" content=\"en_US\" \/>\n<meta property=\"og:type\" content=\"article\" \/>\n<meta property=\"og:title\" content=\"\u00c4nnchen II - Zeal Guitars\" \/>\n<meta property=\"og:description\" content=\"\u00c4nchen II. Custom Shop Solidbody Design by Zeal Guitars, made-to-order for Phillip. H\u00e4ussel Pickups + Kahler Tremolo, Multiscale.\" \/>\n<meta property=\"og:url\" content=\"https:\/\/zeal-guitars.de\/en\/produkt\/aennchen-ii\/\" \/>\n<meta property=\"og:site_name\" content=\"Zeal Guitars\" \/>\n<meta property=\"article:publisher\" content=\"https:\/\/www.facebook.com\/zealguitars\" \/>\n<meta property=\"article:modified_time\" content=\"2025-09-23T08:17:40+00:00\" \/>\n<meta property=\"og:image\" content=\"https:\/\/zeal-guitars.de\/wp-content\/uploads\/2024\/05\/PS_Custom5_1.jpg\" \/>\n\t<meta property=\"og:image:width\" content=\"1200\" \/>\n\t<meta property=\"og:image:height\" content=\"800\" \/>\n\t<meta property=\"og:image:type\" content=\"image\/jpeg\" \/>\n<meta name=\"twitter:card\" content=\"summary_large_image\" \/>\n<meta name=\"twitter:label1\" content=\"Est. reading time\" \/>\n\t<meta name=\"twitter:data1\" content=\"1 minute\" \/>\n<script type=\"application\/ld+json\" class=\"yoast-schema-graph\">{\"@context\":\"https:\\\/\\\/schema.org\",\"@graph\":[{\"@type\":\"WebPage\",\"@id\":\"https:\\\/\\\/zeal-guitars.de\\\/en\\\/produkt\\\/aennchen-ii\\\/\",\"url\":\"https:\\\/\\\/zeal-guitars.de\\\/en\\\/produkt\\\/aennchen-ii\\\/\",\"name\":\"\u00c4nnchen II - Zeal Guitars\",\"isPartOf\":{\"@id\":\"https:\\\/\\\/zeal-guitars.de\\\/en\\\/#website\"},\"primaryImageOfPage\":{\"@id\":\"https:\\\/\\\/zeal-guitars.de\\\/en\\\/produkt\\\/aennchen-ii\\\/#primaryimage\"},\"image\":{\"@id\":\"https:\\\/\\\/zeal-guitars.de\\\/en\\\/produkt\\\/aennchen-ii\\\/#primaryimage\"},\"thumbnailUrl\":\"https:\\\/\\\/i0.wp.com\\\/zeal-guitars.de\\\/wp-content\\\/uploads\\\/2024\\\/05\\\/PS_Custom5_1.jpg?fit=1200%2C800&ssl=1\",\"datePublished\":\"2024-05-06T08:50:54+00:00\",\"dateModified\":\"2025-09-23T08:17:40+00:00\",\"description\":\"\u00c4nchen II. Custom Shop Solidbody Design by Zeal Guitars, made-to-order for Phillip. H\u00e4ussel Pickups + Kahler Tremolo, Multiscale.\",\"breadcrumb\":{\"@id\":\"https:\\\/\\\/zeal-guitars.de\\\/en\\\/produkt\\\/aennchen-ii\\\/#breadcrumb\"},\"inLanguage\":\"en-US\",\"potentialAction\":[{\"@type\":\"ReadAction\",\"target\":[\"https:\\\/\\\/zeal-guitars.de\\\/en\\\/produkt\\\/aennchen-ii\\\/\"]}]},{\"@type\":\"ImageObject\",\"inLanguage\":\"en-US\",\"@id\":\"https:\\\/\\\/zeal-guitars.de\\\/en\\\/produkt\\\/aennchen-ii\\\/#primaryimage\",\"url\":\"https:\\\/\\\/i0.wp.com\\\/zeal-guitars.de\\\/wp-content\\\/uploads\\\/2024\\\/05\\\/PS_Custom5_1.jpg?fit=1200%2C800&ssl=1\",\"contentUrl\":\"https:\\\/\\\/i0.wp.com\\\/zeal-guitars.de\\\/wp-content\\\/uploads\\\/2024\\\/05\\\/PS_Custom5_1.jpg?fit=1200%2C800&ssl=1\",\"width\":1200,\"height\":800,\"caption\":\"\u00c4nnchen II. Custom Solidbody Design. Multiscale mit Kahler Tremolo, schwarzes satin finish.\"},{\"@type\":\"BreadcrumbList\",\"@id\":\"https:\\\/\\\/zeal-guitars.de\\\/en\\\/produkt\\\/aennchen-ii\\\/#breadcrumb\",\"itemListElement\":[{\"@type\":\"ListItem\",\"position\":1,\"name\":\"Startseite\",\"item\":\"https:\\\/\\\/zeal-guitars.de\\\/en\\\/\"},{\"@type\":\"ListItem\",\"position\":2,\"name\":\"Shop\",\"item\":\"https:\\\/\\\/zeal-guitars.de\\\/shop\\\/\"},{\"@type\":\"ListItem\",\"position\":3,\"name\":\"\u00c4nnchen II\"}]},{\"@type\":\"WebSite\",\"@id\":\"https:\\\/\\\/zeal-guitars.de\\\/en\\\/#website\",\"url\":\"https:\\\/\\\/zeal-guitars.de\\\/en\\\/\",\"name\":\"Zeal Guitars\",\"description\":\"Gitarrenbau und Reparatur \\\/\\\/ Custom guitars\",\"publisher\":{\"@id\":\"https:\\\/\\\/zeal-guitars.de\\\/en\\\/#organization\"},\"potentialAction\":[{\"@type\":\"SearchAction\",\"target\":{\"@type\":\"EntryPoint\",\"urlTemplate\":\"https:\\\/\\\/zeal-guitars.de\\\/en\\\/?s={search_term_string}\"},\"query-input\":{\"@type\":\"PropertyValueSpecification\",\"valueRequired\":true,\"valueName\":\"search_term_string\"}}],\"inLanguage\":\"en-US\"},{\"@type\":\"Organization\",\"@id\":\"https:\\\/\\\/zeal-guitars.de\\\/en\\\/#organization\",\"name\":\"Zeal Guitars\",\"url\":\"https:\\\/\\\/zeal-guitars.de\\\/en\\\/\",\"logo\":{\"@type\":\"ImageObject\",\"inLanguage\":\"en-US\",\"@id\":\"https:\\\/\\\/zeal-guitars.de\\\/en\\\/#\\\/schema\\\/logo\\\/image\\\/\",\"url\":\"https:\\\/\\\/zeal-guitars.de\\\/wp-content\\\/uploads\\\/2019\\\/11\\\/zeal_logo.png\",\"contentUrl\":\"https:\\\/\\\/zeal-guitars.de\\\/wp-content\\\/uploads\\\/2019\\\/11\\\/zeal_logo.png\",\"width\":567,\"height\":290,\"caption\":\"Zeal Guitars\"},\"image\":{\"@id\":\"https:\\\/\\\/zeal-guitars.de\\\/en\\\/#\\\/schema\\\/logo\\\/image\\\/\"},\"sameAs\":[\"https:\\\/\\\/www.facebook.com\\\/zealguitars\",\"https:\\\/\\\/www.instagram.com\\\/zeal_guitars\\\/\"]}]}<\/script>\n<!-- \/ Yoast SEO plugin. -->","yoast_head_json":{"title":"\u00c4nnchen II - Zeal Guitars","description":"\u00c4nchen II. Custom Shop Solidbody Design by Zeal Guitars, made-to-order for Phillip. H\u00e4ussel Pickups + Kahler Tremolo, Multiscale.","robots":{"index":"index","follow":"follow","max-snippet":"max-snippet:-1","max-image-preview":"max-image-preview:large","max-video-preview":"max-video-preview:-1"},"canonical":"https:\/\/zeal-guitars.de\/en\/produkt\/aennchen-ii\/","og_locale":"en_US","og_type":"article","og_title":"\u00c4nnchen II - Zeal Guitars","og_description":"\u00c4nchen II. Custom Shop Solidbody Design by Zeal Guitars, made-to-order for Phillip. H\u00e4ussel Pickups + Kahler Tremolo, Multiscale.","og_url":"https:\/\/zeal-guitars.de\/en\/produkt\/aennchen-ii\/","og_site_name":"Zeal Guitars","article_publisher":"https:\/\/www.facebook.com\/zealguitars","article_modified_time":"2025-09-23T08:17:40+00:00","og_image":[{"width":1200,"height":800,"url":"https:\/\/zeal-guitars.de\/wp-content\/uploads\/2024\/05\/PS_Custom5_1.jpg","type":"image\/jpeg"}],"twitter_card":"summary_large_image","twitter_misc":{"Est. reading time":"1 minute"},"schema":{"@context":"https:\/\/schema.org","@graph":[{"@type":"WebPage","@id":"https:\/\/zeal-guitars.de\/en\/produkt\/aennchen-ii\/","url":"https:\/\/zeal-guitars.de\/en\/produkt\/aennchen-ii\/","name":"\u00c4nnchen II - Zeal Guitars","isPartOf":{"@id":"https:\/\/zeal-guitars.de\/en\/#website"},"primaryImageOfPage":{"@id":"https:\/\/zeal-guitars.de\/en\/produkt\/aennchen-ii\/#primaryimage"},"image":{"@id":"https:\/\/zeal-guitars.de\/en\/produkt\/aennchen-ii\/#primaryimage"},"thumbnailUrl":"https:\/\/i0.wp.com\/zeal-guitars.de\/wp-content\/uploads\/2024\/05\/PS_Custom5_1.jpg?fit=1200%2C800&ssl=1","datePublished":"2024-05-06T08:50:54+00:00","dateModified":"2025-09-23T08:17:40+00:00","description":"\u00c4nchen II. Custom Shop Solidbody Design by Zeal Guitars, made-to-order for Phillip. H\u00e4ussel Pickups + Kahler Tremolo, Multiscale.","breadcrumb":{"@id":"https:\/\/zeal-guitars.de\/en\/produkt\/aennchen-ii\/#breadcrumb"},"inLanguage":"en-US","potentialAction":[{"@type":"ReadAction","target":["https:\/\/zeal-guitars.de\/en\/produkt\/aennchen-ii\/"]}]},{"@type":"ImageObject","inLanguage":"en-US","@id":"https:\/\/zeal-guitars.de\/en\/produkt\/aennchen-ii\/#primaryimage","url":"https:\/\/i0.wp.com\/zeal-guitars.de\/wp-content\/uploads\/2024\/05\/PS_Custom5_1.jpg?fit=1200%2C800&ssl=1","contentUrl":"https:\/\/i0.wp.com\/zeal-guitars.de\/wp-content\/uploads\/2024\/05\/PS_Custom5_1.jpg?fit=1200%2C800&ssl=1","width":1200,"height":800,"caption":"\u00c4nnchen II. Custom Solidbody Design. Multiscale mit Kahler Tremolo, schwarzes satin finish."},{"@type":"BreadcrumbList","@id":"https:\/\/zeal-guitars.de\/en\/produkt\/aennchen-ii\/#breadcrumb","itemListElement":[{"@type":"ListItem","position":1,"name":"Startseite","item":"https:\/\/zeal-guitars.de\/en\/"},{"@type":"ListItem","position":2,"name":"Shop","item":"https:\/\/zeal-guitars.de\/shop\/"},{"@type":"ListItem","position":3,"name":"\u00c4nnchen II"}]},{"@type":"WebSite","@id":"https:\/\/zeal-guitars.de\/en\/#website","url":"https:\/\/zeal-guitars.de\/en\/","name":"Zeal Guitars","description":"Gitarrenbau und Reparatur \/\/ Custom guitars","publisher":{"@id":"https:\/\/zeal-guitars.de\/en\/#organization"},"potentialAction":[{"@type":"SearchAction","target":{"@type":"EntryPoint","urlTemplate":"https:\/\/zeal-guitars.de\/en\/?s={search_term_string}"},"query-input":{"@type":"PropertyValueSpecification","valueRequired":true,"valueName":"search_term_string"}}],"inLanguage":"en-US"},{"@type":"Organization","@id":"https:\/\/zeal-guitars.de\/en\/#organization","name":"Zeal Guitars","url":"https:\/\/zeal-guitars.de\/en\/","logo":{"@type":"ImageObject","inLanguage":"en-US","@id":"https:\/\/zeal-guitars.de\/en\/#\/schema\/logo\/image\/","url":"https:\/\/zeal-guitars.de\/wp-content\/uploads\/2019\/11\/zeal_logo.png","contentUrl":"https:\/\/zeal-guitars.de\/wp-content\/uploads\/2019\/11\/zeal_logo.png","width":567,"height":290,"caption":"Zeal Guitars"},"image":{"@id":"https:\/\/zeal-guitars.de\/en\/#\/schema\/logo\/image\/"},"sameAs":["https:\/\/www.facebook.com\/zealguitars","https:\/\/www.instagram.com\/zeal_guitars\/"]}]}},"jetpack_sharing_enabled":true,"_links":{"self":[{"href":"https:\/\/zeal-guitars.de\/en\/wp-json\/wp\/v2\/product\/121458","targetHints":{"allow":["GET"]}}],"collection":[{"href":"https:\/\/zeal-guitars.de\/en\/wp-json\/wp\/v2\/product"}],"about":[{"href":"https:\/\/zeal-guitars.de\/en\/wp-json\/wp\/v2\/types\/product"}],"wp:featuredmedia":[{"embeddable":true,"href":"https:\/\/zeal-guitars.de\/en\/wp-json\/wp\/v2\/media\/121443"}],"wp:attachment":[{"href":"https:\/\/zeal-guitars.de\/en\/wp-json\/wp\/v2\/media?parent=121458"}],"wp:term":[{"taxonomy":"product_brand","embeddable":true,"href":"https:\/\/zeal-guitars.de\/en\/wp-json\/wp\/v2\/product_brand?post=121458"},{"taxonomy":"product_cat","embeddable":true,"href":"https:\/\/zeal-guitars.de\/en\/wp-json\/wp\/v2\/product_cat?post=121458"},{"taxonomy":"product_tag","embeddable":true,"href":"https:\/\/zeal-guitars.de\/en\/wp-json\/wp\/v2\/product_tag?post=121458"}],"curies":[{"name":"wp","href":"https:\/\/api.w.org\/{rel}","templated":true}]}}