{"id":11704,"date":"2019-11-24T12:23:37","date_gmt":"2019-11-24T11:23:37","guid":{"rendered":"https:\/\/zeal-guitars.de\/?post_type=product&#038;p=11704"},"modified":"2019-12-28T11:39:56","modified_gmt":"2019-12-28T10:39:56","slug":"hydra-ma-2","status":"publish","type":"product","link":"https:\/\/zeal-guitars.de\/en\/produkt\/hydra-ma-2\/","title":{"rendered":"Hydra MA"},"content":{"rendered":"","protected":false},"excerpt":{"rendered":"<h3>State-of-the-guitar-art<\/h3>\n<div class=\"text-wrap tlid-copy-target\">\n<div class=\"result-shield-container tlid-copy-target\" tabindex=\"0\"><span class=\"tlid-translation translation\" lang=\"en\">We designed and built this Hydra especially for Max. Max is a shredder player who literally hears the grass growing. Therefore it was extremely important to him that his guitar always sounds &#8220;in-tune&#8221;. So we decided on the True Temperament Fret System. With this well thought-out system, the string spacing was calculated specifically. The normal fret system with its calculation formula (twelfth root of two) only gives approximate values \u200b\u200bwhose tolerance the players have got used to over the years. However, just like with the piano, the TT system achieves a harmoniously tempered tuning. You can hear the difference clearly, but you never feel it when you play. More information is available from <a href=\"https:\/\/www.truetemperament.com\/\">True Temperament Frets<\/a>. We also used an Evertune Bridge. As the name suggests, this bridge mechanically keeps it in tune. Always! This is made possible by a sophisticated spring system. For maximum sound diversity, the two H\u00e4ussel humbuckers have coil-taps and are each equipped with an RVH Unity tone filter. With these, the resonance frequencies of the pickups can be passively modulated in 5 positions and deliver extremely versatile sounds &#8211; even a crunch effect is included. Also a nice gimmick: The Autotrim tuners from Planete Waves not only have a locking function, they also cut the string automatically when winding up, completely without tools. The rest of the guitar is then almost conservative: the finest woods, the highest manufacturing quality &#8211; that&#8217;s it.<\/span><\/div>\n<\/div>\n<div class=\"tlid-result-transliteration-container result-transliteration-container transliteration-container\">\n<div class=\"tlid-transliteration-content transliteration-content full\"><\/div>\n<\/div>\n<h3>Specs<\/h3>\n<p><strong>Body<\/strong>: Alder<br \/>\n<strong>Neck<\/strong>: 3pc Canadian Hardmaple<br \/>\n<strong>Top<\/strong>: Quilted Maple<br \/>\n<strong>Fretboard<\/strong>: Ebony, 648mm (25.5\u2033) True Temperament System, 24 EVO Frets<br \/>\n<strong>Pickups<\/strong>: H\u00e4ussel Tozz XL B, VIN+ N<br \/>\n<strong>Electronic<\/strong>: 3-Way switch; 2x Volume with Push-Push Coilsplit, 2x RVH Unity Tonefilter<br \/>\n<strong>Hardware<\/strong>: Chrome; Evertune Bridge, Planet Waves Autotrim Tuner<br \/>\n<strong>Construction<\/strong>: Bolt-On<br \/>\n<strong>Finish<\/strong>: Deep Green highgloss body, NC satin neck<\/p>\n","protected":false},"featured_media":9954,"template":"","meta":{"_acf_changed":false},"product_brand":[],"product_cat":[54],"product_tag":[],"class_list":{"0":"post-11704","1":"product","2":"type-product","3":"status-publish","4":"has-post-thumbnail","6":"product_cat-hydra-en","8":"first","9":"instock","10":"taxable","11":"shipping-taxable","12":"product-type-simple"},"acf":[],"yoast_head":"<!-- This site is optimized with the Yoast SEO plugin v27.4 - https:\/\/yoast.com\/product\/yoast-seo-wordpress\/ -->\n<title>Hydra MA - Zeal Guitars<\/title>\n<meta name=\"description\" content=\"Hydra Custom Model mit True Temperament Frets. Die Evertune Bridge sorgt f\u00fcr jederzeit perfekte Stimmung, die H\u00e4ussel Humbucker f\u00fcr perfekten Sound.\" \/>\n<meta name=\"robots\" content=\"index, follow, max-snippet:-1, max-image-preview:large, max-video-preview:-1\" \/>\n<link rel=\"canonical\" href=\"https:\/\/zeal-guitars.de\/en\/produkt\/hydra-ma-2\/\" \/>\n<meta property=\"og:locale\" content=\"en_US\" \/>\n<meta property=\"og:type\" content=\"article\" \/>\n<meta property=\"og:title\" content=\"Hydra MA - Zeal Guitars\" \/>\n<meta property=\"og:description\" content=\"Hydra Custom Model mit True Temperament Frets. Die Evertune Bridge sorgt f\u00fcr jederzeit perfekte Stimmung, die H\u00e4ussel Humbucker f\u00fcr perfekten Sound.\" \/>\n<meta property=\"og:url\" content=\"https:\/\/zeal-guitars.de\/en\/produkt\/hydra-ma-2\/\" \/>\n<meta property=\"og:site_name\" content=\"Zeal Guitars\" \/>\n<meta property=\"article:publisher\" content=\"https:\/\/www.facebook.com\/zealguitars\" \/>\n<meta property=\"article:modified_time\" content=\"2019-12-28T10:39:56+00:00\" \/>\n<meta property=\"og:image\" content=\"https:\/\/zeal-guitars.de\/wp-content\/uploads\/2019\/11\/IMG_5420.jpg\" \/>\n\t<meta property=\"og:image:width\" content=\"1200\" \/>\n\t<meta property=\"og:image:height\" content=\"800\" \/>\n\t<meta property=\"og:image:type\" content=\"image\/jpeg\" \/>\n<meta name=\"twitter:card\" content=\"summary_large_image\" \/>\n<script type=\"application\/ld+json\" class=\"yoast-schema-graph\">{\"@context\":\"https:\\\/\\\/schema.org\",\"@graph\":[{\"@type\":\"WebPage\",\"@id\":\"https:\\\/\\\/zeal-guitars.de\\\/en\\\/produkt\\\/hydra-ma-2\\\/\",\"url\":\"https:\\\/\\\/zeal-guitars.de\\\/en\\\/produkt\\\/hydra-ma-2\\\/\",\"name\":\"Hydra MA - Zeal Guitars\",\"isPartOf\":{\"@id\":\"https:\\\/\\\/zeal-guitars.de\\\/en\\\/#website\"},\"primaryImageOfPage\":{\"@id\":\"https:\\\/\\\/zeal-guitars.de\\\/en\\\/produkt\\\/hydra-ma-2\\\/#primaryimage\"},\"image\":{\"@id\":\"https:\\\/\\\/zeal-guitars.de\\\/en\\\/produkt\\\/hydra-ma-2\\\/#primaryimage\"},\"thumbnailUrl\":\"https:\\\/\\\/i0.wp.com\\\/zeal-guitars.de\\\/wp-content\\\/uploads\\\/2019\\\/11\\\/IMG_5420.jpg?fit=1200%2C800&ssl=1\",\"datePublished\":\"2019-11-24T11:23:37+00:00\",\"dateModified\":\"2019-12-28T10:39:56+00:00\",\"description\":\"Hydra Custom Model mit True Temperament Frets. Die Evertune Bridge sorgt f\u00fcr jederzeit perfekte Stimmung, die H\u00e4ussel Humbucker f\u00fcr perfekten Sound.\",\"breadcrumb\":{\"@id\":\"https:\\\/\\\/zeal-guitars.de\\\/en\\\/produkt\\\/hydra-ma-2\\\/#breadcrumb\"},\"inLanguage\":\"en-US\",\"potentialAction\":[{\"@type\":\"ReadAction\",\"target\":[\"https:\\\/\\\/zeal-guitars.de\\\/en\\\/produkt\\\/hydra-ma-2\\\/\"]}]},{\"@type\":\"ImageObject\",\"inLanguage\":\"en-US\",\"@id\":\"https:\\\/\\\/zeal-guitars.de\\\/en\\\/produkt\\\/hydra-ma-2\\\/#primaryimage\",\"url\":\"https:\\\/\\\/i0.wp.com\\\/zeal-guitars.de\\\/wp-content\\\/uploads\\\/2019\\\/11\\\/IMG_5420.jpg?fit=1200%2C800&ssl=1\",\"contentUrl\":\"https:\\\/\\\/i0.wp.com\\\/zeal-guitars.de\\\/wp-content\\\/uploads\\\/2019\\\/11\\\/IMG_5420.jpg?fit=1200%2C800&ssl=1\",\"width\":1200,\"height\":800},{\"@type\":\"BreadcrumbList\",\"@id\":\"https:\\\/\\\/zeal-guitars.de\\\/en\\\/produkt\\\/hydra-ma-2\\\/#breadcrumb\",\"itemListElement\":[{\"@type\":\"ListItem\",\"position\":1,\"name\":\"Startseite\",\"item\":\"https:\\\/\\\/zeal-guitars.de\\\/en\\\/\"},{\"@type\":\"ListItem\",\"position\":2,\"name\":\"Shop\",\"item\":\"https:\\\/\\\/zeal-guitars.de\\\/shop\\\/\"},{\"@type\":\"ListItem\",\"position\":3,\"name\":\"Hydra MA\"}]},{\"@type\":\"WebSite\",\"@id\":\"https:\\\/\\\/zeal-guitars.de\\\/en\\\/#website\",\"url\":\"https:\\\/\\\/zeal-guitars.de\\\/en\\\/\",\"name\":\"Zeal Guitars\",\"description\":\"Gitarrenbau und Reparatur \\\/\\\/ Custom guitars\",\"publisher\":{\"@id\":\"https:\\\/\\\/zeal-guitars.de\\\/en\\\/#organization\"},\"potentialAction\":[{\"@type\":\"SearchAction\",\"target\":{\"@type\":\"EntryPoint\",\"urlTemplate\":\"https:\\\/\\\/zeal-guitars.de\\\/en\\\/?s={search_term_string}\"},\"query-input\":{\"@type\":\"PropertyValueSpecification\",\"valueRequired\":true,\"valueName\":\"search_term_string\"}}],\"inLanguage\":\"en-US\"},{\"@type\":\"Organization\",\"@id\":\"https:\\\/\\\/zeal-guitars.de\\\/en\\\/#organization\",\"name\":\"Zeal Guitars\",\"url\":\"https:\\\/\\\/zeal-guitars.de\\\/en\\\/\",\"logo\":{\"@type\":\"ImageObject\",\"inLanguage\":\"en-US\",\"@id\":\"https:\\\/\\\/zeal-guitars.de\\\/en\\\/#\\\/schema\\\/logo\\\/image\\\/\",\"url\":\"https:\\\/\\\/zeal-guitars.de\\\/wp-content\\\/uploads\\\/2019\\\/11\\\/zeal_logo.png\",\"contentUrl\":\"https:\\\/\\\/zeal-guitars.de\\\/wp-content\\\/uploads\\\/2019\\\/11\\\/zeal_logo.png\",\"width\":567,\"height\":290,\"caption\":\"Zeal Guitars\"},\"image\":{\"@id\":\"https:\\\/\\\/zeal-guitars.de\\\/en\\\/#\\\/schema\\\/logo\\\/image\\\/\"},\"sameAs\":[\"https:\\\/\\\/www.facebook.com\\\/zealguitars\",\"https:\\\/\\\/www.instagram.com\\\/zeal_guitars\\\/\"]}]}<\/script>\n<!-- \/ Yoast SEO plugin. -->","yoast_head_json":{"title":"Hydra MA - Zeal Guitars","description":"Hydra Custom Model mit True Temperament Frets. Die Evertune Bridge sorgt f\u00fcr jederzeit perfekte Stimmung, die H\u00e4ussel Humbucker f\u00fcr perfekten Sound.","robots":{"index":"index","follow":"follow","max-snippet":"max-snippet:-1","max-image-preview":"max-image-preview:large","max-video-preview":"max-video-preview:-1"},"canonical":"https:\/\/zeal-guitars.de\/en\/produkt\/hydra-ma-2\/","og_locale":"en_US","og_type":"article","og_title":"Hydra MA - Zeal Guitars","og_description":"Hydra Custom Model mit True Temperament Frets. Die Evertune Bridge sorgt f\u00fcr jederzeit perfekte Stimmung, die H\u00e4ussel Humbucker f\u00fcr perfekten Sound.","og_url":"https:\/\/zeal-guitars.de\/en\/produkt\/hydra-ma-2\/","og_site_name":"Zeal Guitars","article_publisher":"https:\/\/www.facebook.com\/zealguitars","article_modified_time":"2019-12-28T10:39:56+00:00","og_image":[{"width":1200,"height":800,"url":"https:\/\/zeal-guitars.de\/wp-content\/uploads\/2019\/11\/IMG_5420.jpg","type":"image\/jpeg"}],"twitter_card":"summary_large_image","schema":{"@context":"https:\/\/schema.org","@graph":[{"@type":"WebPage","@id":"https:\/\/zeal-guitars.de\/en\/produkt\/hydra-ma-2\/","url":"https:\/\/zeal-guitars.de\/en\/produkt\/hydra-ma-2\/","name":"Hydra MA - Zeal Guitars","isPartOf":{"@id":"https:\/\/zeal-guitars.de\/en\/#website"},"primaryImageOfPage":{"@id":"https:\/\/zeal-guitars.de\/en\/produkt\/hydra-ma-2\/#primaryimage"},"image":{"@id":"https:\/\/zeal-guitars.de\/en\/produkt\/hydra-ma-2\/#primaryimage"},"thumbnailUrl":"https:\/\/i0.wp.com\/zeal-guitars.de\/wp-content\/uploads\/2019\/11\/IMG_5420.jpg?fit=1200%2C800&ssl=1","datePublished":"2019-11-24T11:23:37+00:00","dateModified":"2019-12-28T10:39:56+00:00","description":"Hydra Custom Model mit True Temperament Frets. Die Evertune Bridge sorgt f\u00fcr jederzeit perfekte Stimmung, die H\u00e4ussel Humbucker f\u00fcr perfekten Sound.","breadcrumb":{"@id":"https:\/\/zeal-guitars.de\/en\/produkt\/hydra-ma-2\/#breadcrumb"},"inLanguage":"en-US","potentialAction":[{"@type":"ReadAction","target":["https:\/\/zeal-guitars.de\/en\/produkt\/hydra-ma-2\/"]}]},{"@type":"ImageObject","inLanguage":"en-US","@id":"https:\/\/zeal-guitars.de\/en\/produkt\/hydra-ma-2\/#primaryimage","url":"https:\/\/i0.wp.com\/zeal-guitars.de\/wp-content\/uploads\/2019\/11\/IMG_5420.jpg?fit=1200%2C800&ssl=1","contentUrl":"https:\/\/i0.wp.com\/zeal-guitars.de\/wp-content\/uploads\/2019\/11\/IMG_5420.jpg?fit=1200%2C800&ssl=1","width":1200,"height":800},{"@type":"BreadcrumbList","@id":"https:\/\/zeal-guitars.de\/en\/produkt\/hydra-ma-2\/#breadcrumb","itemListElement":[{"@type":"ListItem","position":1,"name":"Startseite","item":"https:\/\/zeal-guitars.de\/en\/"},{"@type":"ListItem","position":2,"name":"Shop","item":"https:\/\/zeal-guitars.de\/shop\/"},{"@type":"ListItem","position":3,"name":"Hydra MA"}]},{"@type":"WebSite","@id":"https:\/\/zeal-guitars.de\/en\/#website","url":"https:\/\/zeal-guitars.de\/en\/","name":"Zeal Guitars","description":"Gitarrenbau und Reparatur \/\/ Custom guitars","publisher":{"@id":"https:\/\/zeal-guitars.de\/en\/#organization"},"potentialAction":[{"@type":"SearchAction","target":{"@type":"EntryPoint","urlTemplate":"https:\/\/zeal-guitars.de\/en\/?s={search_term_string}"},"query-input":{"@type":"PropertyValueSpecification","valueRequired":true,"valueName":"search_term_string"}}],"inLanguage":"en-US"},{"@type":"Organization","@id":"https:\/\/zeal-guitars.de\/en\/#organization","name":"Zeal Guitars","url":"https:\/\/zeal-guitars.de\/en\/","logo":{"@type":"ImageObject","inLanguage":"en-US","@id":"https:\/\/zeal-guitars.de\/en\/#\/schema\/logo\/image\/","url":"https:\/\/zeal-guitars.de\/wp-content\/uploads\/2019\/11\/zeal_logo.png","contentUrl":"https:\/\/zeal-guitars.de\/wp-content\/uploads\/2019\/11\/zeal_logo.png","width":567,"height":290,"caption":"Zeal Guitars"},"image":{"@id":"https:\/\/zeal-guitars.de\/en\/#\/schema\/logo\/image\/"},"sameAs":["https:\/\/www.facebook.com\/zealguitars","https:\/\/www.instagram.com\/zeal_guitars\/"]}]}},"jetpack_sharing_enabled":true,"_links":{"self":[{"href":"https:\/\/zeal-guitars.de\/en\/wp-json\/wp\/v2\/product\/11704","targetHints":{"allow":["GET"]}}],"collection":[{"href":"https:\/\/zeal-guitars.de\/en\/wp-json\/wp\/v2\/product"}],"about":[{"href":"https:\/\/zeal-guitars.de\/en\/wp-json\/wp\/v2\/types\/product"}],"wp:featuredmedia":[{"embeddable":true,"href":"https:\/\/zeal-guitars.de\/en\/wp-json\/wp\/v2\/media\/9954"}],"wp:attachment":[{"href":"https:\/\/zeal-guitars.de\/en\/wp-json\/wp\/v2\/media?parent=11704"}],"wp:term":[{"taxonomy":"product_brand","embeddable":true,"href":"https:\/\/zeal-guitars.de\/en\/wp-json\/wp\/v2\/product_brand?post=11704"},{"taxonomy":"product_cat","embeddable":true,"href":"https:\/\/zeal-guitars.de\/en\/wp-json\/wp\/v2\/product_cat?post=11704"},{"taxonomy":"product_tag","embeddable":true,"href":"https:\/\/zeal-guitars.de\/en\/wp-json\/wp\/v2\/product_tag?post=11704"}],"curies":[{"name":"wp","href":"https:\/\/api.w.org\/{rel}","templated":true}]}}