{"id":11670,"date":"2019-11-24T12:35:33","date_gmt":"2019-11-24T11:35:33","guid":{"rendered":"https:\/\/zeal-guitars.de\/?post_type=product&p=11670"},"modified":"2119-11-24T12:35:33","modified_gmt":"2119-11-24T11:35:33","slug":"hydra-bg","status":"publish","type":"product","link":"https:\/\/zeal-guitars.de\/en\/produkt\/hydra-bg\/","title":{"rendered":"Hydra BG"},"content":{"rendered":"","protected":false},"excerpt":{"rendered":"<h3>Eye of the Tiger<\/h3>\n<p><span class=\"tlid-translation translation\" lang=\"en\"><span class=\"\" title=\"\">We built this Hydra especially at Bernd&#8217;s request.<\/span> <span class=\"\" title=\"\">The perfect adjustment of the neck profile was particularly important.<\/span> <span class=\"\" title=\"\">Since Bernd suffers from osteoarthritis in the wrist, we decided on a very strong, asymmetrical neck profile, which corresponds to a hard D in the treble area and flattens out like a V profile in the bass area.<\/span> <span title=\"\">This ensures a more relaxed hand position and less curvature in the wrist, which means that fatigue-free and pain-free play is possible even for longer gigs.<\/span> <span title=\"\">Bernd came to our workshop thus we were able to &#8220;tailor&#8221; his perfect neck on site.<\/span> <span title=\"\">In addition to the ergonomics, this Hydra with the flamed maple top and the Tigereye burst is of course also an absolute eye-candy!<\/span> <span title=\"\">In terms of sound, the 3 H\u00e4ussel pickups in combination with the ETS bridge made of solid bell brass deliver an extremely versatile tone from hardrock to blues and leaves nothing to be desired.<br \/>\n<\/span><\/span><\/p>\n<h3>Specs<\/h3>\n<p><strong>Body<\/strong>: Red alder<br \/>\n<strong>Neck<\/strong>: Canadian Maple<br \/>\n<strong>Top<\/strong>: Mastergrade Flamed Maple<br \/>\n<strong>Fretboard<\/strong>: Rosewood, 648mm (25.5\u2033) Scale, 22 medium frets<br \/>\n<strong>Pickups<\/strong>: H\u00e4ussel HSS Set<br \/>\n<strong>Electronic<\/strong>: 5-Way switch; Mastervolume with Push-Pull Coilsplit<br \/>\n<strong>Hardware<\/strong>: Chrome; Schaller Locking Tuners; ETS Tuning Fork Bridge; Schaller\u00ae Strap Locks<br \/>\n<strong>Construction<\/strong>: Bolt-On<br \/>\n<strong>Finish<\/strong>: Body + Headstock Tigereye Burst highgloss, Neck NC matt<\/p>\n","protected":false},"featured_media":10014,"template":"","meta":{"_acf_changed":false},"product_brand":[],"product_cat":[54],"product_tag":[],"class_list":{"0":"post-11670","1":"product","2":"type-product","3":"status-publish","4":"has-post-thumbnail","6":"product_cat-hydra-en","8":"first","9":"instock","10":"taxable","11":"shipping-taxable","12":"product-type-simple"},"acf":[],"yoast_head":"<!-- This site is optimized with the Yoast SEO plugin v27.3 - https:\/\/yoast.com\/product\/yoast-seo-wordpress\/ -->\n<title>Hydra BG - Zeal Guitars<\/title>\n<meta name=\"description\" content=\"Hydra Tigereye Customshop Gitarre, ma\u00dfgeschneidert f\u00fcr Bernd G. Flamed Maple Top, ergonomisches Halsprofil, H\u00e4ussel Pickups und ETS Messing Bridge\" \/>\n<meta name=\"robots\" content=\"index, follow, max-snippet:-1, max-image-preview:large, max-video-preview:-1\" \/>\n<link rel=\"canonical\" href=\"https:\/\/zeal-guitars.de\/en\/produkt\/hydra-bg\/\" \/>\n<meta property=\"og:locale\" content=\"en_US\" \/>\n<meta property=\"og:type\" content=\"article\" \/>\n<meta property=\"og:title\" content=\"Hydra BG - Zeal Guitars\" \/>\n<meta property=\"og:description\" content=\"Hydra Tigereye Customshop Gitarre, ma\u00dfgeschneidert f\u00fcr Bernd G. Flamed Maple Top, ergonomisches Halsprofil, H\u00e4ussel Pickups und ETS Messing Bridge\" \/>\n<meta property=\"og:url\" content=\"https:\/\/zeal-guitars.de\/en\/produkt\/hydra-bg\/\" \/>\n<meta property=\"og:site_name\" content=\"Zeal Guitars\" \/>\n<meta property=\"article:publisher\" content=\"https:\/\/www.facebook.com\/zealguitars\" \/>\n<meta property=\"article:modified_time\" content=\"2119-11-24T11:35:33+00:00\" \/>\n<meta property=\"og:image\" content=\"https:\/\/zeal-guitars.de\/wp-content\/uploads\/2019\/11\/BG_3.jpg\" \/>\n\t<meta property=\"og:image:width\" content=\"1200\" \/>\n\t<meta property=\"og:image:height\" content=\"800\" \/>\n\t<meta property=\"og:image:type\" content=\"image\/jpeg\" \/>\n<meta name=\"twitter:card\" content=\"summary_large_image\" \/>\n<script type=\"application\/ld+json\" class=\"yoast-schema-graph\">{\"@context\":\"https:\\\/\\\/schema.org\",\"@graph\":[{\"@type\":\"WebPage\",\"@id\":\"https:\\\/\\\/zeal-guitars.de\\\/en\\\/produkt\\\/hydra-bg\\\/\",\"url\":\"https:\\\/\\\/zeal-guitars.de\\\/en\\\/produkt\\\/hydra-bg\\\/\",\"name\":\"Hydra BG - Zeal Guitars\",\"isPartOf\":{\"@id\":\"https:\\\/\\\/zeal-guitars.de\\\/en\\\/#website\"},\"primaryImageOfPage\":{\"@id\":\"https:\\\/\\\/zeal-guitars.de\\\/en\\\/produkt\\\/hydra-bg\\\/#primaryimage\"},\"image\":{\"@id\":\"https:\\\/\\\/zeal-guitars.de\\\/en\\\/produkt\\\/hydra-bg\\\/#primaryimage\"},\"thumbnailUrl\":\"https:\\\/\\\/i0.wp.com\\\/zeal-guitars.de\\\/wp-content\\\/uploads\\\/2019\\\/11\\\/BG_3.jpg?fit=1200%2C800&ssl=1\",\"datePublished\":\"2019-11-24T11:35:33+00:00\",\"dateModified\":\"2119-11-24T11:35:33+00:00\",\"description\":\"Hydra Tigereye Customshop Gitarre, ma\u00dfgeschneidert f\u00fcr Bernd G. Flamed Maple Top, ergonomisches Halsprofil, H\u00e4ussel Pickups und ETS Messing Bridge\",\"breadcrumb\":{\"@id\":\"https:\\\/\\\/zeal-guitars.de\\\/en\\\/produkt\\\/hydra-bg\\\/#breadcrumb\"},\"inLanguage\":\"en-US\",\"potentialAction\":[{\"@type\":\"ReadAction\",\"target\":[\"https:\\\/\\\/zeal-guitars.de\\\/en\\\/produkt\\\/hydra-bg\\\/\"]}]},{\"@type\":\"ImageObject\",\"inLanguage\":\"en-US\",\"@id\":\"https:\\\/\\\/zeal-guitars.de\\\/en\\\/produkt\\\/hydra-bg\\\/#primaryimage\",\"url\":\"https:\\\/\\\/i0.wp.com\\\/zeal-guitars.de\\\/wp-content\\\/uploads\\\/2019\\\/11\\\/BG_3.jpg?fit=1200%2C800&ssl=1\",\"contentUrl\":\"https:\\\/\\\/i0.wp.com\\\/zeal-guitars.de\\\/wp-content\\\/uploads\\\/2019\\\/11\\\/BG_3.jpg?fit=1200%2C800&ssl=1\",\"width\":1200,\"height\":800},{\"@type\":\"BreadcrumbList\",\"@id\":\"https:\\\/\\\/zeal-guitars.de\\\/en\\\/produkt\\\/hydra-bg\\\/#breadcrumb\",\"itemListElement\":[{\"@type\":\"ListItem\",\"position\":1,\"name\":\"Startseite\",\"item\":\"https:\\\/\\\/zeal-guitars.de\\\/en\\\/\"},{\"@type\":\"ListItem\",\"position\":2,\"name\":\"Shop\",\"item\":\"https:\\\/\\\/zeal-guitars.de\\\/shop\\\/\"},{\"@type\":\"ListItem\",\"position\":3,\"name\":\"Hydra BG\"}]},{\"@type\":\"WebSite\",\"@id\":\"https:\\\/\\\/zeal-guitars.de\\\/en\\\/#website\",\"url\":\"https:\\\/\\\/zeal-guitars.de\\\/en\\\/\",\"name\":\"Zeal Guitars\",\"description\":\"Gitarrenbau und Reparatur \\\/\\\/ Custom guitars\",\"publisher\":{\"@id\":\"https:\\\/\\\/zeal-guitars.de\\\/en\\\/#organization\"},\"potentialAction\":[{\"@type\":\"SearchAction\",\"target\":{\"@type\":\"EntryPoint\",\"urlTemplate\":\"https:\\\/\\\/zeal-guitars.de\\\/en\\\/?s={search_term_string}\"},\"query-input\":{\"@type\":\"PropertyValueSpecification\",\"valueRequired\":true,\"valueName\":\"search_term_string\"}}],\"inLanguage\":\"en-US\"},{\"@type\":\"Organization\",\"@id\":\"https:\\\/\\\/zeal-guitars.de\\\/en\\\/#organization\",\"name\":\"Zeal Guitars\",\"url\":\"https:\\\/\\\/zeal-guitars.de\\\/en\\\/\",\"logo\":{\"@type\":\"ImageObject\",\"inLanguage\":\"en-US\",\"@id\":\"https:\\\/\\\/zeal-guitars.de\\\/en\\\/#\\\/schema\\\/logo\\\/image\\\/\",\"url\":\"https:\\\/\\\/zeal-guitars.de\\\/wp-content\\\/uploads\\\/2019\\\/11\\\/zeal_logo.png\",\"contentUrl\":\"https:\\\/\\\/zeal-guitars.de\\\/wp-content\\\/uploads\\\/2019\\\/11\\\/zeal_logo.png\",\"width\":567,\"height\":290,\"caption\":\"Zeal Guitars\"},\"image\":{\"@id\":\"https:\\\/\\\/zeal-guitars.de\\\/en\\\/#\\\/schema\\\/logo\\\/image\\\/\"},\"sameAs\":[\"https:\\\/\\\/www.facebook.com\\\/zealguitars\",\"https:\\\/\\\/www.instagram.com\\\/zeal_guitars\\\/\"]}]}<\/script>\n<!-- \/ Yoast SEO plugin. -->","yoast_head_json":{"title":"Hydra BG - Zeal Guitars","description":"Hydra Tigereye Customshop Gitarre, ma\u00dfgeschneidert f\u00fcr Bernd G. Flamed Maple Top, ergonomisches Halsprofil, H\u00e4ussel Pickups und ETS Messing Bridge","robots":{"index":"index","follow":"follow","max-snippet":"max-snippet:-1","max-image-preview":"max-image-preview:large","max-video-preview":"max-video-preview:-1"},"canonical":"https:\/\/zeal-guitars.de\/en\/produkt\/hydra-bg\/","og_locale":"en_US","og_type":"article","og_title":"Hydra BG - Zeal Guitars","og_description":"Hydra Tigereye Customshop Gitarre, ma\u00dfgeschneidert f\u00fcr Bernd G. Flamed Maple Top, ergonomisches Halsprofil, H\u00e4ussel Pickups und ETS Messing Bridge","og_url":"https:\/\/zeal-guitars.de\/en\/produkt\/hydra-bg\/","og_site_name":"Zeal Guitars","article_publisher":"https:\/\/www.facebook.com\/zealguitars","article_modified_time":"2119-11-24T11:35:33+00:00","og_image":[{"width":1200,"height":800,"url":"https:\/\/zeal-guitars.de\/wp-content\/uploads\/2019\/11\/BG_3.jpg","type":"image\/jpeg"}],"twitter_card":"summary_large_image","schema":{"@context":"https:\/\/schema.org","@graph":[{"@type":"WebPage","@id":"https:\/\/zeal-guitars.de\/en\/produkt\/hydra-bg\/","url":"https:\/\/zeal-guitars.de\/en\/produkt\/hydra-bg\/","name":"Hydra BG - Zeal Guitars","isPartOf":{"@id":"https:\/\/zeal-guitars.de\/en\/#website"},"primaryImageOfPage":{"@id":"https:\/\/zeal-guitars.de\/en\/produkt\/hydra-bg\/#primaryimage"},"image":{"@id":"https:\/\/zeal-guitars.de\/en\/produkt\/hydra-bg\/#primaryimage"},"thumbnailUrl":"https:\/\/i0.wp.com\/zeal-guitars.de\/wp-content\/uploads\/2019\/11\/BG_3.jpg?fit=1200%2C800&ssl=1","datePublished":"2019-11-24T11:35:33+00:00","dateModified":"2119-11-24T11:35:33+00:00","description":"Hydra Tigereye Customshop Gitarre, ma\u00dfgeschneidert f\u00fcr Bernd G. Flamed Maple Top, ergonomisches Halsprofil, H\u00e4ussel Pickups und ETS Messing Bridge","breadcrumb":{"@id":"https:\/\/zeal-guitars.de\/en\/produkt\/hydra-bg\/#breadcrumb"},"inLanguage":"en-US","potentialAction":[{"@type":"ReadAction","target":["https:\/\/zeal-guitars.de\/en\/produkt\/hydra-bg\/"]}]},{"@type":"ImageObject","inLanguage":"en-US","@id":"https:\/\/zeal-guitars.de\/en\/produkt\/hydra-bg\/#primaryimage","url":"https:\/\/i0.wp.com\/zeal-guitars.de\/wp-content\/uploads\/2019\/11\/BG_3.jpg?fit=1200%2C800&ssl=1","contentUrl":"https:\/\/i0.wp.com\/zeal-guitars.de\/wp-content\/uploads\/2019\/11\/BG_3.jpg?fit=1200%2C800&ssl=1","width":1200,"height":800},{"@type":"BreadcrumbList","@id":"https:\/\/zeal-guitars.de\/en\/produkt\/hydra-bg\/#breadcrumb","itemListElement":[{"@type":"ListItem","position":1,"name":"Startseite","item":"https:\/\/zeal-guitars.de\/en\/"},{"@type":"ListItem","position":2,"name":"Shop","item":"https:\/\/zeal-guitars.de\/shop\/"},{"@type":"ListItem","position":3,"name":"Hydra BG"}]},{"@type":"WebSite","@id":"https:\/\/zeal-guitars.de\/en\/#website","url":"https:\/\/zeal-guitars.de\/en\/","name":"Zeal Guitars","description":"Gitarrenbau und Reparatur \/\/ Custom guitars","publisher":{"@id":"https:\/\/zeal-guitars.de\/en\/#organization"},"potentialAction":[{"@type":"SearchAction","target":{"@type":"EntryPoint","urlTemplate":"https:\/\/zeal-guitars.de\/en\/?s={search_term_string}"},"query-input":{"@type":"PropertyValueSpecification","valueRequired":true,"valueName":"search_term_string"}}],"inLanguage":"en-US"},{"@type":"Organization","@id":"https:\/\/zeal-guitars.de\/en\/#organization","name":"Zeal Guitars","url":"https:\/\/zeal-guitars.de\/en\/","logo":{"@type":"ImageObject","inLanguage":"en-US","@id":"https:\/\/zeal-guitars.de\/en\/#\/schema\/logo\/image\/","url":"https:\/\/zeal-guitars.de\/wp-content\/uploads\/2019\/11\/zeal_logo.png","contentUrl":"https:\/\/zeal-guitars.de\/wp-content\/uploads\/2019\/11\/zeal_logo.png","width":567,"height":290,"caption":"Zeal Guitars"},"image":{"@id":"https:\/\/zeal-guitars.de\/en\/#\/schema\/logo\/image\/"},"sameAs":["https:\/\/www.facebook.com\/zealguitars","https:\/\/www.instagram.com\/zeal_guitars\/"]}]}},"jetpack_sharing_enabled":true,"_links":{"self":[{"href":"https:\/\/zeal-guitars.de\/en\/wp-json\/wp\/v2\/product\/11670","targetHints":{"allow":["GET"]}}],"collection":[{"href":"https:\/\/zeal-guitars.de\/en\/wp-json\/wp\/v2\/product"}],"about":[{"href":"https:\/\/zeal-guitars.de\/en\/wp-json\/wp\/v2\/types\/product"}],"wp:featuredmedia":[{"embeddable":true,"href":"https:\/\/zeal-guitars.de\/en\/wp-json\/wp\/v2\/media\/10014"}],"wp:attachment":[{"href":"https:\/\/zeal-guitars.de\/en\/wp-json\/wp\/v2\/media?parent=11670"}],"wp:term":[{"taxonomy":"product_brand","embeddable":true,"href":"https:\/\/zeal-guitars.de\/en\/wp-json\/wp\/v2\/product_brand?post=11670"},{"taxonomy":"product_cat","embeddable":true,"href":"https:\/\/zeal-guitars.de\/en\/wp-json\/wp\/v2\/product_cat?post=11670"},{"taxonomy":"product_tag","embeddable":true,"href":"https:\/\/zeal-guitars.de\/en\/wp-json\/wp\/v2\/product_tag?post=11670"}],"curies":[{"name":"wp","href":"https:\/\/api.w.org\/{rel}","templated":true}]}}