{"id":113704,"date":"2023-09-04T10:28:17","date_gmt":"2023-09-04T08:28:17","guid":{"rendered":"https:\/\/zeal-guitars.de\/?post_type=product&#038;p=113704"},"modified":"2025-09-23T10:23:04","modified_gmt":"2025-09-23T08:23:04","slug":"hydra-multiscale-jw-custom","status":"publish","type":"product","link":"https:\/\/zeal-guitars.de\/en\/produkt\/hydra-multiscale-jw-custom\/","title":{"rendered":"Hydra Multiscale JW Custom"},"content":{"rendered":"<h3>Specs<\/h3>\n<p><strong>Body:<\/strong> Black Limba 2pc.<br \/>\n<strong>Neck<\/strong>: Roasted Maple<br \/>\n<strong>Fretboard<\/strong>: Roasted Maple, 26.5 &#8211; 25.5\u2033 Multiscale, 24 medium stainless steel frets<br \/>\n<strong>Pickups<\/strong>: <a href=\"https:\/\/www.fishman.com\/portfolio\/fluence-custom-series-matt-heafy-6-string-pickup-set\/\">Fishman Fluence Matt Heafy HB Set<\/a><br \/>\n<strong>Electronic<\/strong>: 3-Way Switch; Mastervolume with Push-Pull Voicing; Tone with Push-Pull Coilplit; Killbutton<br \/>\n<strong>Hardware<\/strong>: Black; Schaller Locking Tuners; ABM Singlebridges<br \/>\n<strong>Construction<\/strong>: <a href=\"https:\/\/zeal-guitars.de\/en\/construction\/\">Bolt-On<\/a><br \/>\n<strong>Finish<\/strong>: Natural oil + wax<\/p>\n","protected":false},"excerpt":{"rendered":"<h3>Hydra Multiscale &#8211; good for Groot!<\/h3>\n<p>We built this Hydra at Jan&#8217;s request. During his visit at our workshop, Jan chose this beautiful piece of Black Limba for the body. In terms of sound, this wood delivers a tight bass foundation and expressive highs. Perfect for the growl in the bass of this 7-string. The multiscale scale also ensures a nice crisp and tight bass on the B string. The &#8220;normal&#8221; string length of 25.5\u2033 on the high strings feels familiar and has a softer tension. In addition, the fanned frets accommodate an ergonomic hand position and playing style. The extremely hard and mirror-polished stainless steel frets bring every note to the point and allow a very nuanced bending of the string.<br \/>\nThe active Fishman Fluence humbuckers with 3 different voicings per humbucker ensure maximum tonal variety. The battery pack can be conveniently charged via USB and makes changing the battery unnecessary.<br \/>\nThe graphics on the roasted maple neck are definitely an eye-catcher. Jan provided these and we transferred them to the fretboard as waterslide decals and sprayed them over with thin NC lacquer. More custom shop and unique character is not possible &#8211; Groot thinks it&#8217;s good and Jan too of course!<\/p>\n","protected":false},"featured_media":113703,"template":"","meta":{"_acf_changed":false},"product_brand":[],"product_cat":[54,52],"product_tag":[],"class_list":{"0":"post-113704","1":"product","2":"type-product","3":"status-publish","4":"has-post-thumbnail","6":"product_cat-hydra-en","7":"product_cat-topmodels-en","9":"first","10":"instock","11":"taxable","12":"shipping-taxable","13":"product-type-simple"},"acf":[],"yoast_head":"<!-- This site is optimized with the Yoast SEO plugin v27.3 - https:\/\/yoast.com\/product\/yoast-seo-wordpress\/ -->\n<title>Hydra Multiscale JW Custom - Zeal Guitars<\/title>\n<meta name=\"description\" content=\"Hydra Multiscale, custom made for Jan. Fanned frets with black limba body and roasted maple neck. Fishman Fluence Matt Heafy Humbucker.\" \/>\n<meta name=\"robots\" content=\"index, follow, max-snippet:-1, max-image-preview:large, max-video-preview:-1\" \/>\n<link rel=\"canonical\" href=\"https:\/\/zeal-guitars.de\/en\/produkt\/hydra-multiscale-jw-custom\/\" \/>\n<meta property=\"og:locale\" content=\"en_US\" \/>\n<meta property=\"og:type\" content=\"article\" \/>\n<meta property=\"og:title\" content=\"Hydra Multiscale JW Custom - Zeal Guitars\" \/>\n<meta property=\"og:description\" content=\"Hydra Multiscale, custom made for Jan. Fanned frets with black limba body and roasted maple neck. Fishman Fluence Matt Heafy Humbucker.\" \/>\n<meta property=\"og:url\" content=\"https:\/\/zeal-guitars.de\/en\/produkt\/hydra-multiscale-jw-custom\/\" \/>\n<meta property=\"og:site_name\" content=\"Zeal Guitars\" \/>\n<meta property=\"article:publisher\" content=\"https:\/\/www.facebook.com\/zealguitars\" \/>\n<meta property=\"article:modified_time\" content=\"2025-09-23T08:23:04+00:00\" \/>\n<meta property=\"og:image\" content=\"https:\/\/zeal-guitars.de\/wp-content\/uploads\/2023\/09\/JWCustom10_1.jpg\" \/>\n\t<meta property=\"og:image:width\" content=\"1200\" \/>\n\t<meta property=\"og:image:height\" content=\"800\" \/>\n\t<meta property=\"og:image:type\" content=\"image\/jpeg\" \/>\n<meta name=\"twitter:card\" content=\"summary_large_image\" \/>\n<meta name=\"twitter:label1\" content=\"Est. reading time\" \/>\n\t<meta name=\"twitter:data1\" content=\"1 minute\" \/>\n<script type=\"application\/ld+json\" class=\"yoast-schema-graph\">{\"@context\":\"https:\\\/\\\/schema.org\",\"@graph\":[{\"@type\":\"WebPage\",\"@id\":\"https:\\\/\\\/zeal-guitars.de\\\/en\\\/produkt\\\/hydra-multiscale-jw-custom\\\/\",\"url\":\"https:\\\/\\\/zeal-guitars.de\\\/en\\\/produkt\\\/hydra-multiscale-jw-custom\\\/\",\"name\":\"Hydra Multiscale JW Custom - Zeal Guitars\",\"isPartOf\":{\"@id\":\"https:\\\/\\\/zeal-guitars.de\\\/en\\\/#website\"},\"primaryImageOfPage\":{\"@id\":\"https:\\\/\\\/zeal-guitars.de\\\/en\\\/produkt\\\/hydra-multiscale-jw-custom\\\/#primaryimage\"},\"image\":{\"@id\":\"https:\\\/\\\/zeal-guitars.de\\\/en\\\/produkt\\\/hydra-multiscale-jw-custom\\\/#primaryimage\"},\"thumbnailUrl\":\"https:\\\/\\\/i0.wp.com\\\/zeal-guitars.de\\\/wp-content\\\/uploads\\\/2023\\\/09\\\/JWCustom10_1.jpg?fit=1200%2C800&ssl=1\",\"datePublished\":\"2023-09-04T08:28:17+00:00\",\"dateModified\":\"2025-09-23T08:23:04+00:00\",\"description\":\"Hydra Multiscale, custom made for Jan. Fanned frets with black limba body and roasted maple neck. Fishman Fluence Matt Heafy Humbucker.\",\"breadcrumb\":{\"@id\":\"https:\\\/\\\/zeal-guitars.de\\\/en\\\/produkt\\\/hydra-multiscale-jw-custom\\\/#breadcrumb\"},\"inLanguage\":\"en-US\",\"potentialAction\":[{\"@type\":\"ReadAction\",\"target\":[\"https:\\\/\\\/zeal-guitars.de\\\/en\\\/produkt\\\/hydra-multiscale-jw-custom\\\/\"]}]},{\"@type\":\"ImageObject\",\"inLanguage\":\"en-US\",\"@id\":\"https:\\\/\\\/zeal-guitars.de\\\/en\\\/produkt\\\/hydra-multiscale-jw-custom\\\/#primaryimage\",\"url\":\"https:\\\/\\\/i0.wp.com\\\/zeal-guitars.de\\\/wp-content\\\/uploads\\\/2023\\\/09\\\/JWCustom10_1.jpg?fit=1200%2C800&ssl=1\",\"contentUrl\":\"https:\\\/\\\/i0.wp.com\\\/zeal-guitars.de\\\/wp-content\\\/uploads\\\/2023\\\/09\\\/JWCustom10_1.jpg?fit=1200%2C800&ssl=1\",\"width\":1200,\"height\":800,\"caption\":\"Hydra Multiscale JW Custom. 7-Saitige E-Gitarre mit Black Limba Body und Ahornhals. 2 Humbcuker und schwarze Hardware. Oberfl\u00e4che ge\u00f6lt. Griffbrettgrafiken von Groot und schwarzen V\u00f6geln.\"},{\"@type\":\"BreadcrumbList\",\"@id\":\"https:\\\/\\\/zeal-guitars.de\\\/en\\\/produkt\\\/hydra-multiscale-jw-custom\\\/#breadcrumb\",\"itemListElement\":[{\"@type\":\"ListItem\",\"position\":1,\"name\":\"Startseite\",\"item\":\"https:\\\/\\\/zeal-guitars.de\\\/en\\\/\"},{\"@type\":\"ListItem\",\"position\":2,\"name\":\"Shop\",\"item\":\"https:\\\/\\\/zeal-guitars.de\\\/shop\\\/\"},{\"@type\":\"ListItem\",\"position\":3,\"name\":\"Hydra Multiscale JW Custom\"}]},{\"@type\":\"WebSite\",\"@id\":\"https:\\\/\\\/zeal-guitars.de\\\/en\\\/#website\",\"url\":\"https:\\\/\\\/zeal-guitars.de\\\/en\\\/\",\"name\":\"Zeal Guitars\",\"description\":\"Gitarrenbau und Reparatur \\\/\\\/ Custom guitars\",\"publisher\":{\"@id\":\"https:\\\/\\\/zeal-guitars.de\\\/en\\\/#organization\"},\"potentialAction\":[{\"@type\":\"SearchAction\",\"target\":{\"@type\":\"EntryPoint\",\"urlTemplate\":\"https:\\\/\\\/zeal-guitars.de\\\/en\\\/?s={search_term_string}\"},\"query-input\":{\"@type\":\"PropertyValueSpecification\",\"valueRequired\":true,\"valueName\":\"search_term_string\"}}],\"inLanguage\":\"en-US\"},{\"@type\":\"Organization\",\"@id\":\"https:\\\/\\\/zeal-guitars.de\\\/en\\\/#organization\",\"name\":\"Zeal Guitars\",\"url\":\"https:\\\/\\\/zeal-guitars.de\\\/en\\\/\",\"logo\":{\"@type\":\"ImageObject\",\"inLanguage\":\"en-US\",\"@id\":\"https:\\\/\\\/zeal-guitars.de\\\/en\\\/#\\\/schema\\\/logo\\\/image\\\/\",\"url\":\"https:\\\/\\\/zeal-guitars.de\\\/wp-content\\\/uploads\\\/2019\\\/11\\\/zeal_logo.png\",\"contentUrl\":\"https:\\\/\\\/zeal-guitars.de\\\/wp-content\\\/uploads\\\/2019\\\/11\\\/zeal_logo.png\",\"width\":567,\"height\":290,\"caption\":\"Zeal Guitars\"},\"image\":{\"@id\":\"https:\\\/\\\/zeal-guitars.de\\\/en\\\/#\\\/schema\\\/logo\\\/image\\\/\"},\"sameAs\":[\"https:\\\/\\\/www.facebook.com\\\/zealguitars\",\"https:\\\/\\\/www.instagram.com\\\/zeal_guitars\\\/\"]}]}<\/script>\n<!-- \/ Yoast SEO plugin. -->","yoast_head_json":{"title":"Hydra Multiscale JW Custom - Zeal Guitars","description":"Hydra Multiscale, custom made for Jan. Fanned frets with black limba body and roasted maple neck. Fishman Fluence Matt Heafy Humbucker.","robots":{"index":"index","follow":"follow","max-snippet":"max-snippet:-1","max-image-preview":"max-image-preview:large","max-video-preview":"max-video-preview:-1"},"canonical":"https:\/\/zeal-guitars.de\/en\/produkt\/hydra-multiscale-jw-custom\/","og_locale":"en_US","og_type":"article","og_title":"Hydra Multiscale JW Custom - Zeal Guitars","og_description":"Hydra Multiscale, custom made for Jan. Fanned frets with black limba body and roasted maple neck. Fishman Fluence Matt Heafy Humbucker.","og_url":"https:\/\/zeal-guitars.de\/en\/produkt\/hydra-multiscale-jw-custom\/","og_site_name":"Zeal Guitars","article_publisher":"https:\/\/www.facebook.com\/zealguitars","article_modified_time":"2025-09-23T08:23:04+00:00","og_image":[{"width":1200,"height":800,"url":"https:\/\/zeal-guitars.de\/wp-content\/uploads\/2023\/09\/JWCustom10_1.jpg","type":"image\/jpeg"}],"twitter_card":"summary_large_image","twitter_misc":{"Est. reading time":"1 minute"},"schema":{"@context":"https:\/\/schema.org","@graph":[{"@type":"WebPage","@id":"https:\/\/zeal-guitars.de\/en\/produkt\/hydra-multiscale-jw-custom\/","url":"https:\/\/zeal-guitars.de\/en\/produkt\/hydra-multiscale-jw-custom\/","name":"Hydra Multiscale JW Custom - Zeal Guitars","isPartOf":{"@id":"https:\/\/zeal-guitars.de\/en\/#website"},"primaryImageOfPage":{"@id":"https:\/\/zeal-guitars.de\/en\/produkt\/hydra-multiscale-jw-custom\/#primaryimage"},"image":{"@id":"https:\/\/zeal-guitars.de\/en\/produkt\/hydra-multiscale-jw-custom\/#primaryimage"},"thumbnailUrl":"https:\/\/i0.wp.com\/zeal-guitars.de\/wp-content\/uploads\/2023\/09\/JWCustom10_1.jpg?fit=1200%2C800&ssl=1","datePublished":"2023-09-04T08:28:17+00:00","dateModified":"2025-09-23T08:23:04+00:00","description":"Hydra Multiscale, custom made for Jan. Fanned frets with black limba body and roasted maple neck. Fishman Fluence Matt Heafy Humbucker.","breadcrumb":{"@id":"https:\/\/zeal-guitars.de\/en\/produkt\/hydra-multiscale-jw-custom\/#breadcrumb"},"inLanguage":"en-US","potentialAction":[{"@type":"ReadAction","target":["https:\/\/zeal-guitars.de\/en\/produkt\/hydra-multiscale-jw-custom\/"]}]},{"@type":"ImageObject","inLanguage":"en-US","@id":"https:\/\/zeal-guitars.de\/en\/produkt\/hydra-multiscale-jw-custom\/#primaryimage","url":"https:\/\/i0.wp.com\/zeal-guitars.de\/wp-content\/uploads\/2023\/09\/JWCustom10_1.jpg?fit=1200%2C800&ssl=1","contentUrl":"https:\/\/i0.wp.com\/zeal-guitars.de\/wp-content\/uploads\/2023\/09\/JWCustom10_1.jpg?fit=1200%2C800&ssl=1","width":1200,"height":800,"caption":"Hydra Multiscale JW Custom. 7-Saitige E-Gitarre mit Black Limba Body und Ahornhals. 2 Humbcuker und schwarze Hardware. Oberfl\u00e4che ge\u00f6lt. Griffbrettgrafiken von Groot und schwarzen V\u00f6geln."},{"@type":"BreadcrumbList","@id":"https:\/\/zeal-guitars.de\/en\/produkt\/hydra-multiscale-jw-custom\/#breadcrumb","itemListElement":[{"@type":"ListItem","position":1,"name":"Startseite","item":"https:\/\/zeal-guitars.de\/en\/"},{"@type":"ListItem","position":2,"name":"Shop","item":"https:\/\/zeal-guitars.de\/shop\/"},{"@type":"ListItem","position":3,"name":"Hydra Multiscale JW Custom"}]},{"@type":"WebSite","@id":"https:\/\/zeal-guitars.de\/en\/#website","url":"https:\/\/zeal-guitars.de\/en\/","name":"Zeal Guitars","description":"Gitarrenbau und Reparatur \/\/ Custom guitars","publisher":{"@id":"https:\/\/zeal-guitars.de\/en\/#organization"},"potentialAction":[{"@type":"SearchAction","target":{"@type":"EntryPoint","urlTemplate":"https:\/\/zeal-guitars.de\/en\/?s={search_term_string}"},"query-input":{"@type":"PropertyValueSpecification","valueRequired":true,"valueName":"search_term_string"}}],"inLanguage":"en-US"},{"@type":"Organization","@id":"https:\/\/zeal-guitars.de\/en\/#organization","name":"Zeal Guitars","url":"https:\/\/zeal-guitars.de\/en\/","logo":{"@type":"ImageObject","inLanguage":"en-US","@id":"https:\/\/zeal-guitars.de\/en\/#\/schema\/logo\/image\/","url":"https:\/\/zeal-guitars.de\/wp-content\/uploads\/2019\/11\/zeal_logo.png","contentUrl":"https:\/\/zeal-guitars.de\/wp-content\/uploads\/2019\/11\/zeal_logo.png","width":567,"height":290,"caption":"Zeal Guitars"},"image":{"@id":"https:\/\/zeal-guitars.de\/en\/#\/schema\/logo\/image\/"},"sameAs":["https:\/\/www.facebook.com\/zealguitars","https:\/\/www.instagram.com\/zeal_guitars\/"]}]}},"jetpack_sharing_enabled":true,"_links":{"self":[{"href":"https:\/\/zeal-guitars.de\/en\/wp-json\/wp\/v2\/product\/113704","targetHints":{"allow":["GET"]}}],"collection":[{"href":"https:\/\/zeal-guitars.de\/en\/wp-json\/wp\/v2\/product"}],"about":[{"href":"https:\/\/zeal-guitars.de\/en\/wp-json\/wp\/v2\/types\/product"}],"wp:featuredmedia":[{"embeddable":true,"href":"https:\/\/zeal-guitars.de\/en\/wp-json\/wp\/v2\/media\/113703"}],"wp:attachment":[{"href":"https:\/\/zeal-guitars.de\/en\/wp-json\/wp\/v2\/media?parent=113704"}],"wp:term":[{"taxonomy":"product_brand","embeddable":true,"href":"https:\/\/zeal-guitars.de\/en\/wp-json\/wp\/v2\/product_brand?post=113704"},{"taxonomy":"product_cat","embeddable":true,"href":"https:\/\/zeal-guitars.de\/en\/wp-json\/wp\/v2\/product_cat?post=113704"},{"taxonomy":"product_tag","embeddable":true,"href":"https:\/\/zeal-guitars.de\/en\/wp-json\/wp\/v2\/product_tag?post=113704"}],"curies":[{"name":"wp","href":"https:\/\/api.w.org\/{rel}","templated":true}]}}