{"id":9652,"date":"2019-11-12T11:17:16","date_gmt":"2019-11-12T10:17:16","guid":{"rendered":"https:\/\/neu.zealguitars.de\/?page_id=9652"},"modified":"2019-11-22T12:47:16","modified_gmt":"2019-11-22T11:47:16","slug":"agb","status":"publish","type":"page","link":"https:\/\/zeal-guitars.de\/en\/agb\/","title":{"rendered":"AGB"},"content":{"rendered":"<section class=\"l-section wpb_row height_medium\"><div class=\"l-section-h i-cf\"><div class=\"g-cols vc_row via_flex valign_top type_default stacking_default\"><div class=\"vc_col-sm-12 wpb_column vc_column_container\"><div class=\"vc_column-inner\"><div class=\"wpb_wrapper\"><div class=\"g-cols wpb_row via_flex valign_middle type_default stacking_default\"><div class=\"vc_col-sm-12 wpb_column vc_column_container\"><div class=\"vc_column-inner\"><div class=\"wpb_wrapper\"><div class=\"wpb_text_column\"><div class=\"wpb_wrapper\"><h3>Allgemeine Gesch\u00e4ftsbedingungen<\/h3>\n<h4>1. Allgemeines<\/h4>\n<p>Nachstehende Gesch\u00e4ftsbedingungen gelten f\u00fcr alle Vertr\u00e4ge, Lieferungen und sonstige Leistungen. Alle Nebenabreden bed\u00fcrfen der schriftlichen Best\u00e4tigung unsererseits. ZEAL GUITARS ist jederzeit berechtigt, diese Gesch\u00e4ftsbedingungen einschlie\u00dflich aller eventuellen Anlagen mit einer angemessenen K\u00fcndigungsfrist zu \u00e4ndern oder zu erg\u00e4nzen. Vorher eingehende Auftr\u00e4ge werden nach den dann noch g\u00fcltigen alten Allgemeinen Gesch\u00e4ftsbedingungen bearbeitet.<\/p>\n<h4>2. Angebot<\/h4>\n<p>Unsere Angebote sind unverbindlich. Kleine Abweichungen gegen\u00fcber unseren Modellen und Anschauungsbeispielen sind aufgrund der Strukturvielfalt der H\u00f6lzer m\u00f6glich.<\/p>\n<h4>3. Preise und Zahlung<\/h4>\n<p>Die Ware wird zu unseren am Liefertag geltenden Preisen berechnet, soweit nicht anders vereinbart. Soweit h\u00f6here Gewalt oder Ereignisse oder Umst\u00e4nde unsere Gestehungs- und\/oder Beschaffungskosten erh\u00f6hen, k\u00f6nnen wir den mit uns vereinbarten Kaufpreis entsprechend erh\u00f6hen. Lehnt der K\u00e4ufer die Preiserh\u00f6hung ab oder erkl\u00e4rt er sich nicht unverz\u00fcglich zu ihr, k\u00f6nnen wir von dem Vertrag zur\u00fccktreten, ohne dass dem K\u00e4ufer daraus Anspr\u00fcche zustehen. Generell sind die von uns kalkulierten Preise jedoch verbindliche Festpreise, welche nur nach Absprache mit dem Kunden und \u00c4nderungen der vereinbarten Spezifikationen ge\u00e4ndert werden d\u00fcrfen. Soweit nicht anders vereinbart, sind unsere Preise Nettopreise; welche inkl. 19% MwSt ausgewiesen werden.<\/p>\n<p>Bei Custom Instrumenten, welche auf Kundenwunsch gefertigt werden, ist eine Anzahlung von 1000\u20ac zu leisten. Der Restbetrag ist bei Fertigstellung vorab per \u00dcberweisung, sp\u00e4testens aber bei \u00dcbergabe des Instrumentes zu entrichten.<\/p>\n<p>Die Anzahlung ist nach Beginn der Bearbeitung des Auftrags (Bestellung der Komponenten ist erfolgt und mit dem Bau des Instruments wurde begonnen) nicht erstattungsf\u00e4hig.<\/p>\n<h4>4. Lieferungsbedingungen<\/h4>\n<p>Ist vom K\u00e4ufer nichts anderes vorgegeben, w\u00e4hlen wir als Lieferart FedEx oder DHL, der Versand erfolgt mit Versicherung. Die Kosten hierf\u00fcr sind vom K\u00e4ufer zu tragen. Vom K\u00e4ufer gew\u00fcnschte Sonderversendungsformen werden mit dem orts\u00fcblichen Zuschlag berechnet. F\u00fcr eventuelle Sch\u00e4den beim Transport haftet das Transportunternehmen.<\/p>\n<p>F\u00fcr Sonderanfertigungen auf Kundenwunsch kann keine garantierte Lieferzeit vereinbart werden. Von uns bei Auftragserteilung veranschlagte Liferzeiten sind Richtwerte. In der Regel bel\u00e4uft sich die Lieferzeit auf 6-8 Monate, je nach aktuellem Auftragsvolumen.<\/p>\n<h4>5. R\u00fcckgaberecht<\/h4>\n<p>F\u00fcr alle von uns gelieferten Waren (ausgenommen Instrumente welche auf Kundenwunsch speziell angefertigt wurden und f\u00fcr nicht lager\u00fcbliche, f\u00fcr den Kunden speziell beschaffte Waren) gew\u00e4hren wir ein 14-t\u00e4giges R\u00fcckgaberecht innerhalb der BRD.<\/p>\n<p>Sonderanfertigungen sind von der R\u00fcckgabe und Umtausch ausgeschlossen.<\/p>\n<p>Voraussetzung f\u00fcr die volle Kaufpreisr\u00fcckerstattung ist, dass die Produkte absolut neuwertig in der Originalverpackung zur\u00fcckgegeben werden. Zu beachten im Fall der R\u00fcckgabe: Das R\u00fccknahmeverlangen muss vorher per Telefon, Fax, e-mail oder Brief von Ihnen erfolgen.<\/p>\n<p>Ware unfrei zur\u00fcckzuschicken ist nicht zul\u00e4ssig. Wir erstatten die Kosten f\u00fcr den Versand (auf g\u00fcnstigste Versandart ist zu achten) mit der R\u00fcckerstattung des Kaufpreises.<\/p>\n<p>Kaufpreis-R\u00fcckerstattung: Innerhalb von 30 Tagen erfolgt die R\u00fcckerstattung per \u00dcberweisung.<\/p>\n<h4>6. Gew\u00e4hrleistung<\/h4>\n<p>F\u00fcr jedes Produkt geben wir eine Gew\u00e4hrleistung von 36 Monaten ab Kaufdatum des Kaufvertrages. (gilt nicht f\u00fcr Verschlei\u00dfteile wie Saiten, Lackkratzer durch Benutzung und andere \u00fcbliche Gebrauchsspuren. F\u00fcr Hardware- und Elektronikkomponenten gilt die jeweilige Garantie des Herstellers)<\/p>\n<p>Ist der Kunde kein Verbraucher nach \u00a7 13 BGB und erfolgt der Erwerb der Ware f\u00fcr seinen Gewerbebetrieb, so verj\u00e4hren seine Anspr\u00fcche bei M\u00e4ngeln mit Ablauf von einem Jahr ab Erhalt der Ware.<\/p>\n<p>Sollten M\u00e4ngel auftreten, kann der K\u00e4ufer w\u00e4hrend der Gew\u00e4hrleistungszeit zun\u00e4chst kostenlose Nachbesserung verlangen. Bleiben drei Nachbesserungen erfolglos, kann nach unserer Wahl nachgeliefert, gemindert (Herabsetzung des Kaufpreises) oder gewandelt (Umtausch der Ware) werden.<\/p>\n<p>Wir stets bem\u00fcht auch au\u00dferhalb dieser Gew\u00e4hrleistungszeit die bestm\u00f6gliche Zufriedenheit mit unseren Instrumenten zu garantieren. Treten Sie mit uns in Kontakt und wir werden stets nach einer bestm\u00f6glichen unb\u00fcrokratischen L\u00f6sung des Problems in beidseitigem Einverst\u00e4ndnis bem\u00fcht sein.<\/p>\n<h4>7. Datenschutz<\/h4>\n<p>Die von Ihnen angegebenen Daten werden nicht an Dritte weitergegeben. Ihre Daten werden jedoch bei uns f\u00fcr interne Zwecke gespeichert. Eine vollst\u00e4ndige<br \/>\nDatenschutzerkl\u00e4rung finden Sie unter Contact\/ Datenschutzerkl\u00e4rung<\/p>\n<h4>8. Eigentumsvorbehalt<\/h4>\n<p>Bis zur vollen Bezahlung bleibt die Ware unser Eigentum<\/p>\n<p>Kaiserslautern, 21.05.2018<\/p>\n<\/div><\/div><\/div><\/div><\/div><\/div><div class=\"w-separator size_medium\"><\/div><\/div><\/div><\/div><\/div><\/div><\/section>\n","protected":false},"excerpt":{"rendered":"Allgemeine Gesch\u00e4ftsbedingungen 1. Allgemeines Nachstehende Gesch\u00e4ftsbedingungen gelten f\u00fcr alle Vertr\u00e4ge, Lieferungen und sonstige Leistungen. Alle Nebenabreden bed\u00fcrfen der schriftlichen Best\u00e4tigung unsererseits. ZEAL GUITARS ist jederzeit berechtigt, diese Gesch\u00e4ftsbedingungen einschlie\u00dflich aller eventuellen Anlagen mit einer angemessenen K\u00fcndigungsfrist zu \u00e4ndern oder zu erg\u00e4nzen. Vorher eingehende Auftr\u00e4ge werden nach den dann noch g\u00fcltigen alten Allgemeinen Gesch\u00e4ftsbedingungen bearbeitet. 2....","protected":false},"author":2,"featured_media":0,"parent":0,"menu_order":0,"comment_status":"closed","ping_status":"closed","template":"","meta":{"_acf_changed":false,"footnotes":""},"class_list":["post-9652","page","type-page","status-publish","hentry"],"acf":[],"yoast_head":"<!-- This site is optimized with the Yoast SEO plugin v27.4 - https:\/\/yoast.com\/product\/yoast-seo-wordpress\/ -->\n<title>AGB - Zeal Guitars<\/title>\n<meta name=\"robots\" content=\"noindex, nofollow\" \/>\n<meta property=\"og:locale\" content=\"en_US\" \/>\n<meta property=\"og:type\" content=\"article\" \/>\n<meta property=\"og:title\" content=\"AGB - Zeal Guitars\" \/>\n<meta property=\"og:url\" content=\"https:\/\/zeal-guitars.de\/en\/agb\/\" \/>\n<meta property=\"og:site_name\" content=\"Zeal Guitars\" \/>\n<meta property=\"article:publisher\" content=\"https:\/\/www.facebook.com\/zealguitars\" \/>\n<meta property=\"article:modified_time\" content=\"2019-11-22T11:47:16+00:00\" \/>\n<meta name=\"twitter:card\" content=\"summary_large_image\" \/>\n<meta name=\"twitter:label1\" content=\"Est. reading time\" \/>\n\t<meta name=\"twitter:data1\" content=\"4 minutes\" \/>\n<script type=\"application\/ld+json\" class=\"yoast-schema-graph\">{\"@context\":\"https:\\\/\\\/schema.org\",\"@graph\":[{\"@type\":\"WebPage\",\"@id\":\"https:\\\/\\\/zeal-guitars.de\\\/en\\\/agb\\\/\",\"url\":\"https:\\\/\\\/zeal-guitars.de\\\/en\\\/agb\\\/\",\"name\":\"AGB - Zeal Guitars\",\"isPartOf\":{\"@id\":\"https:\\\/\\\/zeal-guitars.de\\\/en\\\/#website\"},\"datePublished\":\"2019-11-12T10:17:16+00:00\",\"dateModified\":\"2019-11-22T11:47:16+00:00\",\"breadcrumb\":{\"@id\":\"https:\\\/\\\/zeal-guitars.de\\\/en\\\/agb\\\/#breadcrumb\"},\"inLanguage\":\"en-US\",\"potentialAction\":[{\"@type\":\"ReadAction\",\"target\":[\"https:\\\/\\\/zeal-guitars.de\\\/en\\\/agb\\\/\"]}]},{\"@type\":\"BreadcrumbList\",\"@id\":\"https:\\\/\\\/zeal-guitars.de\\\/en\\\/agb\\\/#breadcrumb\",\"itemListElement\":[{\"@type\":\"ListItem\",\"position\":1,\"name\":\"Startseite\",\"item\":\"https:\\\/\\\/zeal-guitars.de\\\/en\\\/\"},{\"@type\":\"ListItem\",\"position\":2,\"name\":\"AGB\"}]},{\"@type\":\"WebSite\",\"@id\":\"https:\\\/\\\/zeal-guitars.de\\\/en\\\/#website\",\"url\":\"https:\\\/\\\/zeal-guitars.de\\\/en\\\/\",\"name\":\"Zeal Guitars\",\"description\":\"Gitarrenbau und Reparatur \\\/\\\/ Custom guitars\",\"publisher\":{\"@id\":\"https:\\\/\\\/zeal-guitars.de\\\/en\\\/#organization\"},\"potentialAction\":[{\"@type\":\"SearchAction\",\"target\":{\"@type\":\"EntryPoint\",\"urlTemplate\":\"https:\\\/\\\/zeal-guitars.de\\\/en\\\/?s={search_term_string}\"},\"query-input\":{\"@type\":\"PropertyValueSpecification\",\"valueRequired\":true,\"valueName\":\"search_term_string\"}}],\"inLanguage\":\"en-US\"},{\"@type\":\"Organization\",\"@id\":\"https:\\\/\\\/zeal-guitars.de\\\/en\\\/#organization\",\"name\":\"Zeal Guitars\",\"url\":\"https:\\\/\\\/zeal-guitars.de\\\/en\\\/\",\"logo\":{\"@type\":\"ImageObject\",\"inLanguage\":\"en-US\",\"@id\":\"https:\\\/\\\/zeal-guitars.de\\\/en\\\/#\\\/schema\\\/logo\\\/image\\\/\",\"url\":\"https:\\\/\\\/zeal-guitars.de\\\/wp-content\\\/uploads\\\/2019\\\/11\\\/zeal_logo.png\",\"contentUrl\":\"https:\\\/\\\/zeal-guitars.de\\\/wp-content\\\/uploads\\\/2019\\\/11\\\/zeal_logo.png\",\"width\":567,\"height\":290,\"caption\":\"Zeal Guitars\"},\"image\":{\"@id\":\"https:\\\/\\\/zeal-guitars.de\\\/en\\\/#\\\/schema\\\/logo\\\/image\\\/\"},\"sameAs\":[\"https:\\\/\\\/www.facebook.com\\\/zealguitars\",\"https:\\\/\\\/www.instagram.com\\\/zeal_guitars\\\/\"]}]}<\/script>\n<!-- \/ Yoast SEO plugin. -->","yoast_head_json":{"title":"AGB - Zeal Guitars","robots":{"index":"noindex","follow":"nofollow"},"og_locale":"en_US","og_type":"article","og_title":"AGB - Zeal Guitars","og_url":"https:\/\/zeal-guitars.de\/en\/agb\/","og_site_name":"Zeal Guitars","article_publisher":"https:\/\/www.facebook.com\/zealguitars","article_modified_time":"2019-11-22T11:47:16+00:00","twitter_card":"summary_large_image","twitter_misc":{"Est. reading time":"4 minutes"},"schema":{"@context":"https:\/\/schema.org","@graph":[{"@type":"WebPage","@id":"https:\/\/zeal-guitars.de\/en\/agb\/","url":"https:\/\/zeal-guitars.de\/en\/agb\/","name":"AGB - Zeal Guitars","isPartOf":{"@id":"https:\/\/zeal-guitars.de\/en\/#website"},"datePublished":"2019-11-12T10:17:16+00:00","dateModified":"2019-11-22T11:47:16+00:00","breadcrumb":{"@id":"https:\/\/zeal-guitars.de\/en\/agb\/#breadcrumb"},"inLanguage":"en-US","potentialAction":[{"@type":"ReadAction","target":["https:\/\/zeal-guitars.de\/en\/agb\/"]}]},{"@type":"BreadcrumbList","@id":"https:\/\/zeal-guitars.de\/en\/agb\/#breadcrumb","itemListElement":[{"@type":"ListItem","position":1,"name":"Startseite","item":"https:\/\/zeal-guitars.de\/en\/"},{"@type":"ListItem","position":2,"name":"AGB"}]},{"@type":"WebSite","@id":"https:\/\/zeal-guitars.de\/en\/#website","url":"https:\/\/zeal-guitars.de\/en\/","name":"Zeal Guitars","description":"Gitarrenbau und Reparatur \/\/ Custom guitars","publisher":{"@id":"https:\/\/zeal-guitars.de\/en\/#organization"},"potentialAction":[{"@type":"SearchAction","target":{"@type":"EntryPoint","urlTemplate":"https:\/\/zeal-guitars.de\/en\/?s={search_term_string}"},"query-input":{"@type":"PropertyValueSpecification","valueRequired":true,"valueName":"search_term_string"}}],"inLanguage":"en-US"},{"@type":"Organization","@id":"https:\/\/zeal-guitars.de\/en\/#organization","name":"Zeal Guitars","url":"https:\/\/zeal-guitars.de\/en\/","logo":{"@type":"ImageObject","inLanguage":"en-US","@id":"https:\/\/zeal-guitars.de\/en\/#\/schema\/logo\/image\/","url":"https:\/\/zeal-guitars.de\/wp-content\/uploads\/2019\/11\/zeal_logo.png","contentUrl":"https:\/\/zeal-guitars.de\/wp-content\/uploads\/2019\/11\/zeal_logo.png","width":567,"height":290,"caption":"Zeal Guitars"},"image":{"@id":"https:\/\/zeal-guitars.de\/en\/#\/schema\/logo\/image\/"},"sameAs":["https:\/\/www.facebook.com\/zealguitars","https:\/\/www.instagram.com\/zeal_guitars\/"]}]}},"jetpack_sharing_enabled":true,"_links":{"self":[{"href":"https:\/\/zeal-guitars.de\/en\/wp-json\/wp\/v2\/pages\/9652","targetHints":{"allow":["GET"]}}],"collection":[{"href":"https:\/\/zeal-guitars.de\/en\/wp-json\/wp\/v2\/pages"}],"about":[{"href":"https:\/\/zeal-guitars.de\/en\/wp-json\/wp\/v2\/types\/page"}],"author":[{"embeddable":true,"href":"https:\/\/zeal-guitars.de\/en\/wp-json\/wp\/v2\/users\/2"}],"replies":[{"embeddable":true,"href":"https:\/\/zeal-guitars.de\/en\/wp-json\/wp\/v2\/comments?post=9652"}],"version-history":[{"count":0,"href":"https:\/\/zeal-guitars.de\/en\/wp-json\/wp\/v2\/pages\/9652\/revisions"}],"wp:attachment":[{"href":"https:\/\/zeal-guitars.de\/en\/wp-json\/wp\/v2\/media?parent=9652"}],"curies":[{"name":"wp","href":"https:\/\/api.w.org\/{rel}","templated":true}]}}