{"id":9500,"date":"2019-11-12T22:09:44","date_gmt":"2019-11-12T21:09:44","guid":{"rendered":"https:\/\/neu.zealguitars.de\/?page_id=9500"},"modified":"2022-08-08T10:43:42","modified_gmt":"2022-08-08T08:43:42","slug":"news","status":"publish","type":"page","link":"https:\/\/zeal-guitars.de\/en\/news\/","title":{"rendered":"News"},"content":{"rendered":"<section class=\"l-section wpb_row height_medium\"><div class=\"l-section-h i-cf\"><div class=\"g-cols vc_row via_flex valign_top type_default stacking_default\"><div class=\"vc_col-sm-12 wpb_column vc_column_container us_animate_afb\"><div class=\"vc_column-inner\"><div class=\"wpb_wrapper\"><div class=\"wpb_text_column\"><div class=\"wpb_wrapper\"><h1>News<\/h1>\n<\/div><\/div><div class=\"w-separator size_medium with_line width_default thick_1 style_solid color_border align_center\"><div class=\"w-separator-h\"><\/div><\/div><\/div><\/div><\/div><\/div><\/div><\/section><section class=\"l-section wpb_row height_auto\"><div class=\"l-section-h i-cf\"><div class=\"g-cols vc_row via_flex valign_top type_default stacking_default\"><div class=\"vc_col-sm-12 wpb_column vc_column_container us_animate_afb\"><div class=\"vc_column-inner us_custom_2c87170b\"><div class=\"wpb_wrapper\"><div class=\"w-separator size_small\"><\/div><div class=\"w-grid us_grid type_grid layout_blog_14 cols_1 preload_style_spinner\" id=\"us_grid_1\" style=\"--columns:1;--gap:1.5rem;\" data-filterable=\"true\"><style>.layout_blog_14 .w-grid-item-h{}@media(max-width:479px){.layout_blog_14 .usg_post_image_1{display:none!important}}.layout_blog_14 .usg_hwrapper_1{color:var(--color-content-text)!important;margin-left:10%!important;padding-top:6%!important;padding-bottom:6%!important;background:var(--color-content-bg-alt)!important}.layout_blog_14 .usg_post_image_1{width:50%!important;margin-left:-11%!important;margin-right:0!important}.layout_blog_14 .usg_vwrapper_1{width:48%!important;margin-left:7%!important}.layout_blog_14 .usg_post_date_1{font-size:0.9rem!important}.layout_blog_14 .usg_post_title_1{font-weight:700!important;line-height:1.2!important}.layout_blog_14 .usg_post_content_1{font-size:0.9rem!important}@media (max-width:600px){.layout_blog_14 .usg_hwrapper_1{margin-left:0!important;margin-right:0!important;padding-top:0!important;padding-bottom:0!important}.layout_blog_14 .usg_post_image_1{width:100%!important;margin-left:0!important;margin-right:0!important}.layout_blog_14 .usg_vwrapper_1{width:86%!important;margin:5% 7% 7% 7%!important}}<\/style><div class=\"w-grid-list\">\t<article class=\"w-grid-item size_1x1 post-14603 post type-post status-publish format-standard has-post-thumbnail hentry category-uncategorized\" data-id=\"14603\">\r\n\t\t<div class=\"w-grid-item-h\">\r\n\t\t\t\t\t\t<div class=\"w-hwrapper usg_hwrapper_1 has_text_color align_none valign_center wrap\"><div class=\"w-post-elm post_image usg_post_image_1 has_width stretched\"><a href=\"https:\/\/zeal-guitars.de\/en\/zeal-guitars-vinyl-music-festival-in-wien\/\" aria-label=\"Zeal Guitars @ Vinyl &#038; Music Festival in Wien\"><img loading=\"lazy\" decoding=\"async\" width=\"431\" height=\"244\" src=\"https:\/\/i0.wp.com\/zeal-guitars.de\/wp-content\/uploads\/2020\/02\/821802-1571299963.jpg?fit=431%2C244&amp;ssl=1\" class=\"attachment-large size-large wp-post-image\" alt=\"\" \/><\/a><\/div><div class=\"w-vwrapper usg_vwrapper_1 align_none valign_top\"><time class=\"w-post-elm post_date usg_post_date_1 entry-date published\" datetime=\"2020-02-28T08:29:34+01:00\" title=\"28 February 2020 at 08:29:34 Europe\/Berlin\">6 years ago<\/time><h2 class=\"w-post-elm post_title usg_post_title_1 entry-title color_link_inherit\"><a href=\"https:\/\/zeal-guitars.de\/en\/zeal-guitars-vinyl-music-festival-in-wien\/\">Zeal Guitars @ Vinyl &#038; Music Festival in Wien<\/a><\/h2><div class=\"w-post-elm post_content usg_post_content_1\">Zeal Guitars @ Vinyl &amp; Music Festival in Wien<\/div><\/div><\/div>\t\t<\/div>\r\n\t\t\t<\/article>\r\n\t<article class=\"w-grid-item size_1x1 post-9407 post type-post status-publish format-standard has-post-thumbnail hentry category-reviews\" data-id=\"9407\">\r\n\t\t<div class=\"w-grid-item-h\">\r\n\t\t\t\t\t\t<div class=\"w-hwrapper usg_hwrapper_1 has_text_color align_none valign_center wrap\"><div class=\"w-post-elm post_image usg_post_image_1 has_width stretched\"><a href=\"https:\/\/zeal-guitars.de\/en\/gitarre-bass-10-2015\/\" aria-label=\"Gitarre &#038; Bass 10 \u2013 2015\"><img loading=\"lazy\" decoding=\"async\" width=\"755\" height=\"1000\" src=\"https:\/\/i0.wp.com\/zeal-guitars.de\/wp-content\/uploads\/2019\/11\/giba1015.jpg?fit=755%2C1000&amp;ssl=1\" class=\"attachment-large size-large wp-post-image\" alt=\"\" srcset=\"https:\/\/i0.wp.com\/zeal-guitars.de\/wp-content\/uploads\/2019\/11\/giba1015.jpg?w=755&amp;ssl=1 755w, https:\/\/i0.wp.com\/zeal-guitars.de\/wp-content\/uploads\/2019\/11\/giba1015.jpg?resize=453%2C600&amp;ssl=1 453w, https:\/\/i0.wp.com\/zeal-guitars.de\/wp-content\/uploads\/2019\/11\/giba1015.jpg?resize=600%2C795&amp;ssl=1 600w\" sizes=\"auto, (max-width: 755px) 100vw, 755px\" \/><\/a><\/div><div class=\"w-vwrapper usg_vwrapper_1 align_none valign_top\"><time class=\"w-post-elm post_date usg_post_date_1 entry-date published\" datetime=\"2019-11-10T13:13:32+01:00\" title=\"10 November 2019 at 13:13:32 Europe\/Berlin\">6 years ago<\/time><h2 class=\"w-post-elm post_title usg_post_title_1 entry-title color_link_inherit\"><a href=\"https:\/\/zeal-guitars.de\/en\/gitarre-bass-10-2015\/\">Gitarre &#038; Bass 10 \u2013 2015<\/a><\/h2><div class=\"w-post-elm post_content usg_post_content_1\">Gitarre &amp; Bass 10 \u2013 2015 &#8211; Hydra Custom &#8220;Erneut k\u00f6nnen die Macher von Zeal Guitars (&#8230;) mit einem gelungenen Konzept und ebenso stimmigen wie ansprechendem Design \u00fcberzeugen. (&#8230;) Unter&hellip;<\/div><\/div><\/div>\t\t<\/div>\r\n\t\t\t<\/article>\r\n\t<article class=\"w-grid-item size_1x1 post-9405 post type-post status-publish format-standard has-post-thumbnail hentry category-reviews\" data-id=\"9405\">\r\n\t\t<div class=\"w-grid-item-h\">\r\n\t\t\t\t\t\t<div class=\"w-hwrapper usg_hwrapper_1 has_text_color align_none valign_center wrap\"><div class=\"w-post-elm post_image usg_post_image_1 has_width stretched\"><a href=\"https:\/\/zeal-guitars.de\/en\/guitar-11-2013\/\" aria-label=\"Guitar 11 \u2013 2013\"><img loading=\"lazy\" decoding=\"async\" width=\"755\" height=\"1000\" src=\"https:\/\/i0.wp.com\/zeal-guitars.de\/wp-content\/uploads\/2019\/11\/guitar1113.jpg?fit=755%2C1000&amp;ssl=1\" class=\"attachment-large size-large wp-post-image\" alt=\"\" srcset=\"https:\/\/i0.wp.com\/zeal-guitars.de\/wp-content\/uploads\/2019\/11\/guitar1113.jpg?w=755&amp;ssl=1 755w, https:\/\/i0.wp.com\/zeal-guitars.de\/wp-content\/uploads\/2019\/11\/guitar1113.jpg?resize=453%2C600&amp;ssl=1 453w, https:\/\/i0.wp.com\/zeal-guitars.de\/wp-content\/uploads\/2019\/11\/guitar1113.jpg?resize=600%2C795&amp;ssl=1 600w\" sizes=\"auto, (max-width: 755px) 100vw, 755px\" \/><\/a><\/div><div class=\"w-vwrapper usg_vwrapper_1 align_none valign_top\"><time class=\"w-post-elm post_date usg_post_date_1 entry-date published\" datetime=\"2019-11-10T13:11:49+01:00\" title=\"10 November 2019 at 13:11:49 Europe\/Berlin\">6 years ago<\/time><h2 class=\"w-post-elm post_title usg_post_title_1 entry-title color_link_inherit\"><a href=\"https:\/\/zeal-guitars.de\/en\/guitar-11-2013\/\">Guitar 11 \u2013 2013<\/a><\/h2><div class=\"w-post-elm post_content usg_post_content_1\">Guitar 11 \u2013 2013 &#8211; Kandy &#8220;Hochwertige Materialien und die Liebe zum Detail haben hier etwas ganz au\u00dfergew\u00f6hnlioches entstehen lassen: Die Kandy ist eine Gitarre mit Wohlf\u00fchlgarantie, eigenst\u00e4ndigem Erscheinungsbild, komfortabler&hellip;<\/div><\/div><\/div>\t\t<\/div>\r\n\t\t\t<\/article>\r\n\t<article class=\"w-grid-item size_1x1 post-9403 post type-post status-publish format-standard has-post-thumbnail hentry category-reviews\" data-id=\"9403\">\r\n\t\t<div class=\"w-grid-item-h\">\r\n\t\t\t\t\t\t<div class=\"w-hwrapper usg_hwrapper_1 has_text_color align_none valign_center wrap\"><div class=\"w-post-elm post_image usg_post_image_1 has_width stretched\"><a href=\"https:\/\/zeal-guitars.de\/en\/grand-guitars-05-2013\/\" aria-label=\"Grand Guitars  05 \u2013 2013\"><img loading=\"lazy\" decoding=\"async\" width=\"755\" height=\"1000\" src=\"https:\/\/i0.wp.com\/zeal-guitars.de\/wp-content\/uploads\/2019\/11\/grandguitars0513.jpg?fit=755%2C1000&amp;ssl=1\" class=\"attachment-large size-large wp-post-image\" alt=\"\" srcset=\"https:\/\/i0.wp.com\/zeal-guitars.de\/wp-content\/uploads\/2019\/11\/grandguitars0513.jpg?w=755&amp;ssl=1 755w, https:\/\/i0.wp.com\/zeal-guitars.de\/wp-content\/uploads\/2019\/11\/grandguitars0513.jpg?resize=453%2C600&amp;ssl=1 453w, https:\/\/i0.wp.com\/zeal-guitars.de\/wp-content\/uploads\/2019\/11\/grandguitars0513.jpg?resize=600%2C795&amp;ssl=1 600w\" sizes=\"auto, (max-width: 755px) 100vw, 755px\" \/><\/a><\/div><div class=\"w-vwrapper usg_vwrapper_1 align_none valign_top\"><time class=\"w-post-elm post_date usg_post_date_1 entry-date published\" datetime=\"2019-11-10T13:09:58+01:00\" title=\"10 November 2019 at 13:09:58 Europe\/Berlin\">6 years ago<\/time><h2 class=\"w-post-elm post_title usg_post_title_1 entry-title color_link_inherit\"><a href=\"https:\/\/zeal-guitars.de\/en\/grand-guitars-05-2013\/\">Grand Guitars  05 \u2013 2013<\/a><\/h2><div class=\"w-post-elm post_content usg_post_content_1\">Grand Guitars 05 \u2013 2013 &#8211; Cupido Junior Brass &#8220;Eine Gold Top der besonderen Art haben die beiden Gitarrenbauer aus Kaiserslautern da kreiert. Mit viel Liebe zum Detail schufen sie&hellip;<\/div><\/div><\/div>\t\t<\/div>\r\n\t\t\t<\/article>\r\n\t<article class=\"w-grid-item size_1x1 post-9401 post type-post status-publish format-standard has-post-thumbnail hentry category-reviews\" data-id=\"9401\">\r\n\t\t<div class=\"w-grid-item-h\">\r\n\t\t\t\t\t\t<div class=\"w-hwrapper usg_hwrapper_1 has_text_color align_none valign_center wrap\"><div class=\"w-post-elm post_image usg_post_image_1 has_width stretched\"><a href=\"https:\/\/zeal-guitars.de\/en\/gitarre-bass-11-2011\/\" aria-label=\"Gitarre &#038; Bass 11 &#8211; 2011\"><img loading=\"lazy\" decoding=\"async\" width=\"755\" height=\"1000\" src=\"https:\/\/i0.wp.com\/zeal-guitars.de\/wp-content\/uploads\/2019\/11\/giba1111.jpg?fit=755%2C1000&amp;ssl=1\" class=\"attachment-large size-large wp-post-image\" alt=\"\" srcset=\"https:\/\/i0.wp.com\/zeal-guitars.de\/wp-content\/uploads\/2019\/11\/giba1111.jpg?w=755&amp;ssl=1 755w, https:\/\/i0.wp.com\/zeal-guitars.de\/wp-content\/uploads\/2019\/11\/giba1111.jpg?resize=453%2C600&amp;ssl=1 453w, https:\/\/i0.wp.com\/zeal-guitars.de\/wp-content\/uploads\/2019\/11\/giba1111.jpg?resize=600%2C795&amp;ssl=1 600w\" sizes=\"auto, (max-width: 755px) 100vw, 755px\" \/><\/a><\/div><div class=\"w-vwrapper usg_vwrapper_1 align_none valign_top\"><time class=\"w-post-elm post_date usg_post_date_1 entry-date published\" datetime=\"2019-11-10T12:58:56+01:00\" title=\"10 November 2019 at 12:58:56 Europe\/Berlin\">6 years ago<\/time><h2 class=\"w-post-elm post_title usg_post_title_1 entry-title color_link_inherit\"><a href=\"https:\/\/zeal-guitars.de\/en\/gitarre-bass-11-2011\/\">Gitarre &#038; Bass 11 &#8211; 2011<\/a><\/h2><div class=\"w-post-elm post_content usg_post_content_1\">Gitarre &amp; Bass 11 &#8211; 2011 &#8211; Cupido Brasstop Deluxe &#8220;Zeal Guitars, ein aufgehender Stern am deutschen Gitarrenbauerhimmel? Angesichts der Klangqualit\u00e4ten, der handwerklichen Perfektion und der gleicherma\u00dfen (more&hellip;)<\/div><\/div><\/div>\t\t<\/div>\r\n\t\t\t<\/article>\r\n\t<article class=\"w-grid-item size_1x1 post-9399 post type-post status-publish format-standard has-post-thumbnail hentry category-reviews\" data-id=\"9399\">\r\n\t\t<div class=\"w-grid-item-h\">\r\n\t\t\t\t\t\t<div class=\"w-hwrapper usg_hwrapper_1 has_text_color align_none valign_center wrap\"><div class=\"w-post-elm post_image usg_post_image_1 has_width stretched\"><a href=\"https:\/\/zeal-guitars.de\/en\/grand-guitars-06-2012\/\" aria-label=\"Grand Guitars 06 &#8211; 2012\"><img loading=\"lazy\" decoding=\"async\" width=\"755\" height=\"1000\" src=\"https:\/\/i0.wp.com\/zeal-guitars.de\/wp-content\/uploads\/2019\/11\/grandguitars0612.jpg?fit=755%2C1000&amp;ssl=1\" class=\"attachment-large size-large wp-post-image\" alt=\"\" srcset=\"https:\/\/i0.wp.com\/zeal-guitars.de\/wp-content\/uploads\/2019\/11\/grandguitars0612.jpg?w=755&amp;ssl=1 755w, https:\/\/i0.wp.com\/zeal-guitars.de\/wp-content\/uploads\/2019\/11\/grandguitars0612.jpg?resize=453%2C600&amp;ssl=1 453w, https:\/\/i0.wp.com\/zeal-guitars.de\/wp-content\/uploads\/2019\/11\/grandguitars0612.jpg?resize=600%2C795&amp;ssl=1 600w\" sizes=\"auto, (max-width: 755px) 100vw, 755px\" \/><\/a><\/div><div class=\"w-vwrapper usg_vwrapper_1 align_none valign_top\"><time class=\"w-post-elm post_date usg_post_date_1 entry-date published\" datetime=\"2019-08-17T13:07:20+02:00\" title=\"17 August 2019 at 13:07:20 Europe\/Berlin\">7 years ago<\/time><h2 class=\"w-post-elm post_title usg_post_title_1 entry-title color_link_inherit\"><a href=\"https:\/\/zeal-guitars.de\/en\/grand-guitars-06-2012\/\">Grand Guitars 06 &#8211; 2012<\/a><\/h2><div class=\"w-post-elm post_content usg_post_content_1\">Grand Guitars 06 &#8211; 2012 &#8211; Concrete II &#8220;Harter Stoff! Jawohl, nicht nur an Beton, sondern auch an der Zeal Concrete II d\u00fcrfte man lange und dauerhaft seine Freude haben.&hellip;<\/div><\/div><\/div>\t\t<\/div>\r\n\t\t\t<\/article>\r\n<\/div>\t<div class=\"w-grid-preloader\">\r\n\t\t<div class=\"g-preloader type_1\">\r\n\t\t\t<div><\/div>\r\n\t\t<\/div>\r\n\t<\/div>\r\n\t\t<div class=\"w-grid-json hidden\" onclick='return {&quot;action&quot;:&quot;us_ajax_grid&quot;,&quot;infinite_scroll&quot;:0,&quot;max_num_pages&quot;:1,&quot;pagination&quot;:&quot;none&quot;,&quot;template_vars&quot;:{&quot;columns&quot;:&quot;1&quot;,&quot;exclude_items&quot;:&quot;none&quot;,&quot;img_size&quot;:&quot;default&quot;,&quot;ignore_items_size&quot;:0,&quot;items_layout&quot;:&quot;blog_14&quot;,&quot;items_offset&quot;:&quot;1&quot;,&quot;load_animation&quot;:&quot;none&quot;,&quot;overriding_link&quot;:&quot;{\\&quot;url\\&quot;:\\&quot;\\&quot;}&quot;,&quot;post_id&quot;:0,&quot;query_args&quot;:{&quot;post_type&quot;:[&quot;post&quot;],&quot;tax_query&quot;:[{&quot;taxonomy&quot;:&quot;category&quot;,&quot;field&quot;:&quot;slug&quot;,&quot;terms&quot;:[&quot;reviews&quot;,&quot;uncategorized&quot;]}],&quot;post_status&quot;:[&quot;publish&quot;,&quot;acf-disabled&quot;,&quot;wpzoom-hidden&quot;],&quot;posts_per_page&quot;:&quot;20&quot;},&quot;orderby_query_args&quot;:{&quot;orderby&quot;:{&quot;date&quot;:&quot;DESC&quot;}},&quot;type&quot;:&quot;grid&quot;,&quot;us_grid_post_type&quot;:&quot;post&quot;,&quot;us_grid_ajax_index&quot;:1,&quot;us_grid_filter_query_string&quot;:null,&quot;us_grid_index&quot;:1,&quot;page_args&quot;:[],&quot;lang&quot;:&quot;en&quot;}}'><\/div>\r\n\t<\/div><div class=\"w-separator size_huge\"><\/div><\/div><\/div><\/div><\/div><\/div><\/section>\n","protected":false},"excerpt":{"rendered":"Grand Guitars 06 &#8211; 2012 &#8211; Concrete II &#8220;Harter Stoff! Jawohl, nicht nur an Beton, sondern auch an der Zeal Concrete II d\u00fcrfte man lange und dauerhaft seine Freude haben. (&#8230;) Eine super Gitarre haben die Pf\u00e4lzer mit der Zeal Concrete II da abgeliefert. Nicht nur die Optik garantiert, dass die Gitarre wahrgenommen wird, auch...","protected":false},"author":2,"featured_media":0,"parent":0,"menu_order":0,"comment_status":"closed","ping_status":"closed","template":"","meta":{"_acf_changed":false,"footnotes":""},"class_list":["post-9500","page","type-page","status-publish","hentry"],"acf":[],"yoast_head":"<!-- This site is optimized with the Yoast SEO plugin v27.3 - https:\/\/yoast.com\/product\/yoast-seo-wordpress\/ -->\n<title>News - Zeal Guitars<\/title>\n<meta name=\"robots\" content=\"index, follow, max-snippet:-1, max-image-preview:large, max-video-preview:-1\" \/>\n<link rel=\"canonical\" href=\"https:\/\/zeal-guitars.de\/en\/news\/\" \/>\n<meta property=\"og:locale\" content=\"en_US\" \/>\n<meta property=\"og:type\" content=\"article\" \/>\n<meta property=\"og:title\" content=\"News - Zeal Guitars\" \/>\n<meta property=\"og:url\" content=\"https:\/\/zeal-guitars.de\/en\/news\/\" \/>\n<meta property=\"og:site_name\" content=\"Zeal Guitars\" \/>\n<meta property=\"article:publisher\" content=\"https:\/\/www.facebook.com\/zealguitars\" \/>\n<meta property=\"article:modified_time\" content=\"2022-08-08T08:43:42+00:00\" \/>\n<meta name=\"twitter:card\" content=\"summary_large_image\" \/>\n<meta name=\"twitter:label1\" content=\"Est. reading time\" \/>\n\t<meta name=\"twitter:data1\" content=\"1 minute\" \/>\n<script type=\"application\/ld+json\" class=\"yoast-schema-graph\">{\"@context\":\"https:\\\/\\\/schema.org\",\"@graph\":[{\"@type\":\"WebPage\",\"@id\":\"https:\\\/\\\/zeal-guitars.de\\\/en\\\/news\\\/\",\"url\":\"https:\\\/\\\/zeal-guitars.de\\\/en\\\/news\\\/\",\"name\":\"News - Zeal Guitars\",\"isPartOf\":{\"@id\":\"https:\\\/\\\/zeal-guitars.de\\\/en\\\/#website\"},\"datePublished\":\"2019-11-12T21:09:44+00:00\",\"dateModified\":\"2022-08-08T08:43:42+00:00\",\"breadcrumb\":{\"@id\":\"https:\\\/\\\/zeal-guitars.de\\\/en\\\/news\\\/#breadcrumb\"},\"inLanguage\":\"en-US\",\"potentialAction\":[{\"@type\":\"ReadAction\",\"target\":[\"https:\\\/\\\/zeal-guitars.de\\\/en\\\/news\\\/\"]}]},{\"@type\":\"BreadcrumbList\",\"@id\":\"https:\\\/\\\/zeal-guitars.de\\\/en\\\/news\\\/#breadcrumb\",\"itemListElement\":[{\"@type\":\"ListItem\",\"position\":1,\"name\":\"Startseite\",\"item\":\"https:\\\/\\\/zeal-guitars.de\\\/en\\\/\"},{\"@type\":\"ListItem\",\"position\":2,\"name\":\"News\"}]},{\"@type\":\"WebSite\",\"@id\":\"https:\\\/\\\/zeal-guitars.de\\\/en\\\/#website\",\"url\":\"https:\\\/\\\/zeal-guitars.de\\\/en\\\/\",\"name\":\"Zeal Guitars\",\"description\":\"Gitarrenbau und Reparatur \\\/\\\/ Custom guitars\",\"publisher\":{\"@id\":\"https:\\\/\\\/zeal-guitars.de\\\/en\\\/#organization\"},\"potentialAction\":[{\"@type\":\"SearchAction\",\"target\":{\"@type\":\"EntryPoint\",\"urlTemplate\":\"https:\\\/\\\/zeal-guitars.de\\\/en\\\/?s={search_term_string}\"},\"query-input\":{\"@type\":\"PropertyValueSpecification\",\"valueRequired\":true,\"valueName\":\"search_term_string\"}}],\"inLanguage\":\"en-US\"},{\"@type\":\"Organization\",\"@id\":\"https:\\\/\\\/zeal-guitars.de\\\/en\\\/#organization\",\"name\":\"Zeal Guitars\",\"url\":\"https:\\\/\\\/zeal-guitars.de\\\/en\\\/\",\"logo\":{\"@type\":\"ImageObject\",\"inLanguage\":\"en-US\",\"@id\":\"https:\\\/\\\/zeal-guitars.de\\\/en\\\/#\\\/schema\\\/logo\\\/image\\\/\",\"url\":\"https:\\\/\\\/zeal-guitars.de\\\/wp-content\\\/uploads\\\/2019\\\/11\\\/zeal_logo.png\",\"contentUrl\":\"https:\\\/\\\/zeal-guitars.de\\\/wp-content\\\/uploads\\\/2019\\\/11\\\/zeal_logo.png\",\"width\":567,\"height\":290,\"caption\":\"Zeal Guitars\"},\"image\":{\"@id\":\"https:\\\/\\\/zeal-guitars.de\\\/en\\\/#\\\/schema\\\/logo\\\/image\\\/\"},\"sameAs\":[\"https:\\\/\\\/www.facebook.com\\\/zealguitars\",\"https:\\\/\\\/www.instagram.com\\\/zeal_guitars\\\/\"]}]}<\/script>\n<!-- \/ Yoast SEO plugin. -->","yoast_head_json":{"title":"News - Zeal Guitars","robots":{"index":"index","follow":"follow","max-snippet":"max-snippet:-1","max-image-preview":"max-image-preview:large","max-video-preview":"max-video-preview:-1"},"canonical":"https:\/\/zeal-guitars.de\/en\/news\/","og_locale":"en_US","og_type":"article","og_title":"News - Zeal Guitars","og_url":"https:\/\/zeal-guitars.de\/en\/news\/","og_site_name":"Zeal Guitars","article_publisher":"https:\/\/www.facebook.com\/zealguitars","article_modified_time":"2022-08-08T08:43:42+00:00","twitter_card":"summary_large_image","twitter_misc":{"Est. reading time":"1 minute"},"schema":{"@context":"https:\/\/schema.org","@graph":[{"@type":"WebPage","@id":"https:\/\/zeal-guitars.de\/en\/news\/","url":"https:\/\/zeal-guitars.de\/en\/news\/","name":"News - Zeal Guitars","isPartOf":{"@id":"https:\/\/zeal-guitars.de\/en\/#website"},"datePublished":"2019-11-12T21:09:44+00:00","dateModified":"2022-08-08T08:43:42+00:00","breadcrumb":{"@id":"https:\/\/zeal-guitars.de\/en\/news\/#breadcrumb"},"inLanguage":"en-US","potentialAction":[{"@type":"ReadAction","target":["https:\/\/zeal-guitars.de\/en\/news\/"]}]},{"@type":"BreadcrumbList","@id":"https:\/\/zeal-guitars.de\/en\/news\/#breadcrumb","itemListElement":[{"@type":"ListItem","position":1,"name":"Startseite","item":"https:\/\/zeal-guitars.de\/en\/"},{"@type":"ListItem","position":2,"name":"News"}]},{"@type":"WebSite","@id":"https:\/\/zeal-guitars.de\/en\/#website","url":"https:\/\/zeal-guitars.de\/en\/","name":"Zeal Guitars","description":"Gitarrenbau und Reparatur \/\/ Custom guitars","publisher":{"@id":"https:\/\/zeal-guitars.de\/en\/#organization"},"potentialAction":[{"@type":"SearchAction","target":{"@type":"EntryPoint","urlTemplate":"https:\/\/zeal-guitars.de\/en\/?s={search_term_string}"},"query-input":{"@type":"PropertyValueSpecification","valueRequired":true,"valueName":"search_term_string"}}],"inLanguage":"en-US"},{"@type":"Organization","@id":"https:\/\/zeal-guitars.de\/en\/#organization","name":"Zeal Guitars","url":"https:\/\/zeal-guitars.de\/en\/","logo":{"@type":"ImageObject","inLanguage":"en-US","@id":"https:\/\/zeal-guitars.de\/en\/#\/schema\/logo\/image\/","url":"https:\/\/zeal-guitars.de\/wp-content\/uploads\/2019\/11\/zeal_logo.png","contentUrl":"https:\/\/zeal-guitars.de\/wp-content\/uploads\/2019\/11\/zeal_logo.png","width":567,"height":290,"caption":"Zeal Guitars"},"image":{"@id":"https:\/\/zeal-guitars.de\/en\/#\/schema\/logo\/image\/"},"sameAs":["https:\/\/www.facebook.com\/zealguitars","https:\/\/www.instagram.com\/zeal_guitars\/"]}]}},"jetpack_sharing_enabled":true,"_links":{"self":[{"href":"https:\/\/zeal-guitars.de\/en\/wp-json\/wp\/v2\/pages\/9500","targetHints":{"allow":["GET"]}}],"collection":[{"href":"https:\/\/zeal-guitars.de\/en\/wp-json\/wp\/v2\/pages"}],"about":[{"href":"https:\/\/zeal-guitars.de\/en\/wp-json\/wp\/v2\/types\/page"}],"author":[{"embeddable":true,"href":"https:\/\/zeal-guitars.de\/en\/wp-json\/wp\/v2\/users\/2"}],"replies":[{"embeddable":true,"href":"https:\/\/zeal-guitars.de\/en\/wp-json\/wp\/v2\/comments?post=9500"}],"version-history":[{"count":4,"href":"https:\/\/zeal-guitars.de\/en\/wp-json\/wp\/v2\/pages\/9500\/revisions"}],"predecessor-version":[{"id":15482,"href":"https:\/\/zeal-guitars.de\/en\/wp-json\/wp\/v2\/pages\/9500\/revisions\/15482"}],"wp:attachment":[{"href":"https:\/\/zeal-guitars.de\/en\/wp-json\/wp\/v2\/media?parent=9500"}],"curies":[{"name":"wp","href":"https:\/\/api.w.org\/{rel}","templated":true}]}}